{"id":19680,"date":"2023-12-15T10:30:57","date_gmt":"2023-12-15T09:30:57","guid":{"rendered":"http:\/\/restauranteabrassame.com\/menu-cap-de-setmana\/"},"modified":"2024-02-29T00:03:59","modified_gmt":"2024-02-28T23:03:59","slug":"menu-cap-de-setmana","status":"publish","type":"page","link":"https:\/\/restauranteabrassame.com\/ca\/menu-cap-de-setmana\/","title":{"rendered":"Men\u00fa cap de setmana"},"content":{"rendered":"\t\t<div data-elementor-type=\"wp-page\" data-elementor-id=\"19680\" class=\"elementor elementor-19680 elementor-19599\" data-elementor-post-type=\"page\">\n\t\t\t\t\t\t<section class=\"elementor-section-with-custom-width elementor-section elementor-top-section elementor-element elementor-element-24d3ffd elementor-section-boxed elementor-section-height-default elementor-section-height-default sc_fly_static\" data-id=\"24d3ffd\" data-element_type=\"section\">\n\t\t\t\t\t\t<div class=\"elementor-container elementor-column-gap-extended\">\n\t\t\t\t\t<div class=\"elementor-column elementor-col-100 elementor-top-column elementor-element elementor-element-9459776 sc_content_align_inherit sc_layouts_column_icons_position_left sc_fly_static\" data-id=\"9459776\" data-element_type=\"column\">\n\t\t\t<div class=\"elementor-widget-wrap elementor-element-populated\">\n\t\t\t\t\t\t<div class=\"elementor-element elementor-element-807f01f elementor-widget__width-initial sc_fly_static elementor-widget elementor-widget-image\" data-id=\"807f01f\" data-element_type=\"widget\" data-widget_type=\"image.default\">\n\t\t\t\t<div class=\"elementor-widget-container\">\n\t\t\t\t\t\t\t\t\t\t\t\t\t\t\t<img fetchpriority=\"high\" decoding=\"async\" width=\"1241\" height=\"1754\" src=\"https:\/\/restauranteabrassame.com\/wp-content\/uploads\/2024\/01\/Menu-fin-de-semana-2_CAT_page-0001.jpg\" class=\"attachment-full size-full wp-image-19965\" alt=\"\" srcset=\"https:\/\/restauranteabrassame.com\/wp-content\/uploads\/2024\/01\/Menu-fin-de-semana-2_CAT_page-0001.jpg 1241w, https:\/\/restauranteabrassame.com\/wp-content\/uploads\/2024\/01\/Menu-fin-de-semana-2_CAT_page-0001-212x300.jpg 212w, https:\/\/restauranteabrassame.com\/wp-content\/uploads\/2024\/01\/Menu-fin-de-semana-2_CAT_page-0001-725x1024.jpg 725w, https:\/\/restauranteabrassame.com\/wp-content\/uploads\/2024\/01\/Menu-fin-de-semana-2_CAT_page-0001-768x1085.jpg 768w, https:\/\/restauranteabrassame.com\/wp-content\/uploads\/2024\/01\/Menu-fin-de-semana-2_CAT_page-0001-1087x1536.jpg 1087w, https:\/\/restauranteabrassame.com\/wp-content\/uploads\/2024\/01\/Menu-fin-de-semana-2_CAT_page-0001-370x523.jpg 370w, https:\/\/restauranteabrassame.com\/wp-content\/uploads\/2024\/01\/Menu-fin-de-semana-2_CAT_page-0001-840x1187.jpg 840w, https:\/\/restauranteabrassame.com\/wp-content\/uploads\/2024\/01\/Menu-fin-de-semana-2_CAT_page-0001-410x579.jpg 410w, https:\/\/restauranteabrassame.com\/wp-content\/uploads\/2024\/01\/Menu-fin-de-semana-2_CAT_page-0001-1000x1413.jpg 1000w\" sizes=\"(max-width: 1241px) 100vw, 1241px\" \/>\t\t\t\t\t\t\t\t\t\t\t\t\t\t\t<\/div>\n\t\t\t\t<\/div>\n\t\t\t\t\t<\/div>\n\t\t<\/div>\n\t\t\t\t\t<\/div>\n\t\t<\/section>\n\t\t\t\t<\/div>\n\t\t","protected":false},"excerpt":{"rendered":"","protected":false},"author":1,"featured_media":0,"parent":0,"menu_order":0,"comment_status":"closed","ping_status":"closed","template":"elementor_header_footer","meta":{"_joinchat":[],"footnotes":""},"class_list":["post-19680","page","type-page","status-publish","hentry"],"yoast_head":"<!-- This site is optimized with the Yoast SEO plugin v25.5 - https:\/\/yoast.com\/wordpress\/plugins\/seo\/ -->\n<title>Restaurant amb men\u00fa cap de setmana a les Arenes de Barcelona<\/title>\n<meta name=\"description\" content=\"Restaurant mediterrani de paelles amb men\u00fa cap de setmana i terrassa davant de Fira a les Arenes de Barcelona i amb vistes a Pla\u00e7a Espanya.\" \/>\n<meta name=\"robots\" content=\"index, follow, max-snippet:-1, max-image-preview:large, max-video-preview:-1\" \/>\n<link rel=\"canonical\" href=\"https:\/\/restauranteabrassame.com\/ca\/menu-cap-de-setmana\/\" \/>\n<meta property=\"og:locale\" content=\"ca_ES\" \/>\n<meta property=\"og:type\" content=\"article\" \/>\n<meta property=\"og:title\" content=\"Restaurant amb men\u00fa cap de setmana a les Arenes de Barcelona\" \/>\n<meta property=\"og:description\" content=\"Restaurant mediterrani de paelles amb men\u00fa cap de setmana i terrassa davant de Fira a les Arenes de Barcelona i amb vistes a Pla\u00e7a Espanya.\" \/>\n<meta property=\"og:url\" content=\"https:\/\/restauranteabrassame.com\/ca\/menu-cap-de-setmana\/\" \/>\n<meta property=\"og:site_name\" content=\"Restaurante Abrassame\" \/>\n<meta property=\"article:publisher\" content=\"https:\/\/www.facebook.com\/RestauranteAbrassame\" \/>\n<meta property=\"article:modified_time\" content=\"2024-02-28T23:03:59+00:00\" \/>\n<meta property=\"og:image\" content=\"http:\/\/restauranteabrassame.com\/wp-content\/uploads\/2024\/01\/Menu-fin-de-semana-2_CAT_page-0001.jpg\" \/>\n<meta name=\"twitter:card\" content=\"summary_large_image\" \/>\n<meta name=\"twitter:label1\" content=\"Temps estimat de lectura\" \/>\n\t<meta name=\"twitter:data1\" content=\"1 minut\" \/>\n<script type=\"application\/ld+json\" class=\"yoast-schema-graph\">{\"@context\":\"https:\/\/schema.org\",\"@graph\":[{\"@type\":\"WebPage\",\"@id\":\"https:\/\/restauranteabrassame.com\/ca\/menu-cap-de-setmana\/\",\"url\":\"https:\/\/restauranteabrassame.com\/ca\/menu-cap-de-setmana\/\",\"name\":\"Restaurant amb men\u00fa cap de setmana a les Arenes de Barcelona\",\"isPartOf\":{\"@id\":\"https:\/\/restauranteabrassame.com\/ca\/#website\"},\"primaryImageOfPage\":{\"@id\":\"https:\/\/restauranteabrassame.com\/ca\/menu-cap-de-setmana\/#primaryimage\"},\"image\":{\"@id\":\"https:\/\/restauranteabrassame.com\/ca\/menu-cap-de-setmana\/#primaryimage\"},\"thumbnailUrl\":\"http:\/\/restauranteabrassame.com\/wp-content\/uploads\/2024\/01\/Menu-fin-de-semana-2_CAT_page-0001.jpg\",\"datePublished\":\"2023-12-15T09:30:57+00:00\",\"dateModified\":\"2024-02-28T23:03:59+00:00\",\"description\":\"Restaurant mediterrani de paelles amb men\u00fa cap de setmana i terrassa davant de Fira a les Arenes de Barcelona i amb vistes a Pla\u00e7a Espanya.\",\"breadcrumb\":{\"@id\":\"https:\/\/restauranteabrassame.com\/ca\/menu-cap-de-setmana\/#breadcrumb\"},\"inLanguage\":\"ca\",\"potentialAction\":[{\"@type\":\"ReadAction\",\"target\":[\"https:\/\/restauranteabrassame.com\/ca\/menu-cap-de-setmana\/\"]}]},{\"@type\":\"ImageObject\",\"inLanguage\":\"ca\",\"@id\":\"https:\/\/restauranteabrassame.com\/ca\/menu-cap-de-setmana\/#primaryimage\",\"url\":\"http:\/\/restauranteabrassame.com\/wp-content\/uploads\/2024\/01\/Menu-fin-de-semana-2_CAT_page-0001.jpg\",\"contentUrl\":\"http:\/\/restauranteabrassame.com\/wp-content\/uploads\/2024\/01\/Menu-fin-de-semana-2_CAT_page-0001.jpg\"},{\"@type\":\"BreadcrumbList\",\"@id\":\"https:\/\/restauranteabrassame.com\/ca\/menu-cap-de-setmana\/#breadcrumb\",\"itemListElement\":[{\"@type\":\"ListItem\",\"position\":1,\"name\":\"Portada\",\"item\":\"https:\/\/restauranteabrassame.com\/ca\/\"},{\"@type\":\"ListItem\",\"position\":2,\"name\":\"Men\u00fa cap de setmana\"}]},{\"@type\":\"WebSite\",\"@id\":\"https:\/\/restauranteabrassame.com\/ca\/#website\",\"url\":\"https:\/\/restauranteabrassame.com\/ca\/\",\"name\":\"Restaurante Abrassame\",\"description\":\"Cocina Mediterr\u00e1nea en Barcelona\",\"publisher\":{\"@id\":\"https:\/\/restauranteabrassame.com\/ca\/#organization\"},\"potentialAction\":[{\"@type\":\"SearchAction\",\"target\":{\"@type\":\"EntryPoint\",\"urlTemplate\":\"https:\/\/restauranteabrassame.com\/ca\/?s={search_term_string}\"},\"query-input\":{\"@type\":\"PropertyValueSpecification\",\"valueRequired\":true,\"valueName\":\"search_term_string\"}}],\"inLanguage\":\"ca\"},{\"@type\":\"Organization\",\"@id\":\"https:\/\/restauranteabrassame.com\/ca\/#organization\",\"name\":\"Restaurante Abrassame\",\"url\":\"https:\/\/restauranteabrassame.com\/ca\/\",\"logo\":{\"@type\":\"ImageObject\",\"inLanguage\":\"ca\",\"@id\":\"https:\/\/restauranteabrassame.com\/ca\/#\/schema\/logo\/image\/\",\"url\":\"https:\/\/restauranteabrassame.com\/wp-content\/uploads\/2023\/09\/rest-abrassame.png\",\"contentUrl\":\"https:\/\/restauranteabrassame.com\/wp-content\/uploads\/2023\/09\/rest-abrassame.png\",\"width\":800,\"height\":800,\"caption\":\"Restaurante Abrassame\"},\"image\":{\"@id\":\"https:\/\/restauranteabrassame.com\/ca\/#\/schema\/logo\/image\/\"},\"sameAs\":[\"https:\/\/www.facebook.com\/RestauranteAbrassame\",\"https:\/\/www.instagram.com\/restauranteabrassame\/\"]}]}<\/script>\n<!-- \/ Yoast SEO plugin. -->","yoast_head_json":{"title":"Restaurant amb men\u00fa cap de setmana a les Arenes de Barcelona","description":"Restaurant mediterrani de paelles amb men\u00fa cap de setmana i terrassa davant de Fira a les Arenes de Barcelona i amb vistes a Pla\u00e7a Espanya.","robots":{"index":"index","follow":"follow","max-snippet":"max-snippet:-1","max-image-preview":"max-image-preview:large","max-video-preview":"max-video-preview:-1"},"canonical":"https:\/\/restauranteabrassame.com\/ca\/menu-cap-de-setmana\/","og_locale":"ca_ES","og_type":"article","og_title":"Restaurant amb men\u00fa cap de setmana a les Arenes de Barcelona","og_description":"Restaurant mediterrani de paelles amb men\u00fa cap de setmana i terrassa davant de Fira a les Arenes de Barcelona i amb vistes a Pla\u00e7a Espanya.","og_url":"https:\/\/restauranteabrassame.com\/ca\/menu-cap-de-setmana\/","og_site_name":"Restaurante Abrassame","article_publisher":"https:\/\/www.facebook.com\/RestauranteAbrassame","article_modified_time":"2024-02-28T23:03:59+00:00","og_image":[{"url":"http:\/\/restauranteabrassame.com\/wp-content\/uploads\/2024\/01\/Menu-fin-de-semana-2_CAT_page-0001.jpg","type":"","width":"","height":""}],"twitter_card":"summary_large_image","twitter_misc":{"Temps estimat de lectura":"1 minut"},"schema":{"@context":"https:\/\/schema.org","@graph":[{"@type":"WebPage","@id":"https:\/\/restauranteabrassame.com\/ca\/menu-cap-de-setmana\/","url":"https:\/\/restauranteabrassame.com\/ca\/menu-cap-de-setmana\/","name":"Restaurant amb men\u00fa cap de setmana a les Arenes de Barcelona","isPartOf":{"@id":"https:\/\/restauranteabrassame.com\/ca\/#website"},"primaryImageOfPage":{"@id":"https:\/\/restauranteabrassame.com\/ca\/menu-cap-de-setmana\/#primaryimage"},"image":{"@id":"https:\/\/restauranteabrassame.com\/ca\/menu-cap-de-setmana\/#primaryimage"},"thumbnailUrl":"http:\/\/restauranteabrassame.com\/wp-content\/uploads\/2024\/01\/Menu-fin-de-semana-2_CAT_page-0001.jpg","datePublished":"2023-12-15T09:30:57+00:00","dateModified":"2024-02-28T23:03:59+00:00","description":"Restaurant mediterrani de paelles amb men\u00fa cap de setmana i terrassa davant de Fira a les Arenes de Barcelona i amb vistes a Pla\u00e7a Espanya.","breadcrumb":{"@id":"https:\/\/restauranteabrassame.com\/ca\/menu-cap-de-setmana\/#breadcrumb"},"inLanguage":"ca","potentialAction":[{"@type":"ReadAction","target":["https:\/\/restauranteabrassame.com\/ca\/menu-cap-de-setmana\/"]}]},{"@type":"ImageObject","inLanguage":"ca","@id":"https:\/\/restauranteabrassame.com\/ca\/menu-cap-de-setmana\/#primaryimage","url":"http:\/\/restauranteabrassame.com\/wp-content\/uploads\/2024\/01\/Menu-fin-de-semana-2_CAT_page-0001.jpg","contentUrl":"http:\/\/restauranteabrassame.com\/wp-content\/uploads\/2024\/01\/Menu-fin-de-semana-2_CAT_page-0001.jpg"},{"@type":"BreadcrumbList","@id":"https:\/\/restauranteabrassame.com\/ca\/menu-cap-de-setmana\/#breadcrumb","itemListElement":[{"@type":"ListItem","position":1,"name":"Portada","item":"https:\/\/restauranteabrassame.com\/ca\/"},{"@type":"ListItem","position":2,"name":"Men\u00fa cap de setmana"}]},{"@type":"WebSite","@id":"https:\/\/restauranteabrassame.com\/ca\/#website","url":"https:\/\/restauranteabrassame.com\/ca\/","name":"Restaurante Abrassame","description":"Cocina Mediterr\u00e1nea en Barcelona","publisher":{"@id":"https:\/\/restauranteabrassame.com\/ca\/#organization"},"potentialAction":[{"@type":"SearchAction","target":{"@type":"EntryPoint","urlTemplate":"https:\/\/restauranteabrassame.com\/ca\/?s={search_term_string}"},"query-input":{"@type":"PropertyValueSpecification","valueRequired":true,"valueName":"search_term_string"}}],"inLanguage":"ca"},{"@type":"Organization","@id":"https:\/\/restauranteabrassame.com\/ca\/#organization","name":"Restaurante Abrassame","url":"https:\/\/restauranteabrassame.com\/ca\/","logo":{"@type":"ImageObject","inLanguage":"ca","@id":"https:\/\/restauranteabrassame.com\/ca\/#\/schema\/logo\/image\/","url":"https:\/\/restauranteabrassame.com\/wp-content\/uploads\/2023\/09\/rest-abrassame.png","contentUrl":"https:\/\/restauranteabrassame.com\/wp-content\/uploads\/2023\/09\/rest-abrassame.png","width":800,"height":800,"caption":"Restaurante Abrassame"},"image":{"@id":"https:\/\/restauranteabrassame.com\/ca\/#\/schema\/logo\/image\/"},"sameAs":["https:\/\/www.facebook.com\/RestauranteAbrassame","https:\/\/www.instagram.com\/restauranteabrassame\/"]}]}},"_links":{"self":[{"href":"https:\/\/restauranteabrassame.com\/ca\/wp-json\/wp\/v2\/pages\/19680","targetHints":{"allow":["GET"]}}],"collection":[{"href":"https:\/\/restauranteabrassame.com\/ca\/wp-json\/wp\/v2\/pages"}],"about":[{"href":"https:\/\/restauranteabrassame.com\/ca\/wp-json\/wp\/v2\/types\/page"}],"author":[{"embeddable":true,"href":"https:\/\/restauranteabrassame.com\/ca\/wp-json\/wp\/v2\/users\/1"}],"replies":[{"embeddable":true,"href":"https:\/\/restauranteabrassame.com\/ca\/wp-json\/wp\/v2\/comments?post=19680"}],"version-history":[{"count":4,"href":"https:\/\/restauranteabrassame.com\/ca\/wp-json\/wp\/v2\/pages\/19680\/revisions"}],"predecessor-version":[{"id":19970,"href":"https:\/\/restauranteabrassame.com\/ca\/wp-json\/wp\/v2\/pages\/19680\/revisions\/19970"}],"wp:attachment":[{"href":"https:\/\/restauranteabrassame.com\/ca\/wp-json\/wp\/v2\/media?parent=19680"}],"curies":[{"name":"wp","href":"https:\/\/api.w.org\/{rel}","templated":true}]}}