{"id":19681,"date":"2023-12-15T10:27:28","date_gmt":"2023-12-15T09:27:28","guid":{"rendered":"http:\/\/restauranteabrassame.com\/menu-dia\/"},"modified":"2026-01-12T16:25:19","modified_gmt":"2026-01-12T15:25:19","slug":"menu-dia","status":"publish","type":"page","link":"https:\/\/restauranteabrassame.com\/ca\/menu-dia\/","title":{"rendered":"Men\u00fa dia"},"content":{"rendered":"\n<figure class=\"wp-block-image size-full\"><img fetchpriority=\"high\" decoding=\"async\" width=\"441\" height=\"880\" src=\"https:\/\/restauranteabrassame.com\/wp-content\/uploads\/2026\/01\/Menu-dia-Restaurant-Barcelona-Abrassame.jpg\" alt=\"\" class=\"wp-image-21561\" srcset=\"https:\/\/restauranteabrassame.com\/wp-content\/uploads\/2026\/01\/Menu-dia-Restaurant-Barcelona-Abrassame.jpg 441w, https:\/\/restauranteabrassame.com\/wp-content\/uploads\/2026\/01\/Menu-dia-Restaurant-Barcelona-Abrassame-150x300.jpg 150w, https:\/\/restauranteabrassame.com\/wp-content\/uploads\/2026\/01\/Menu-dia-Restaurant-Barcelona-Abrassame-370x738.jpg 370w, https:\/\/restauranteabrassame.com\/wp-content\/uploads\/2026\/01\/Menu-dia-Restaurant-Barcelona-Abrassame-410x818.jpg 410w\" sizes=\"(max-width: 600px) 100vw, 441px\" \/><\/figure>\n","protected":false},"excerpt":{"rendered":"","protected":false},"author":1,"featured_media":0,"parent":0,"menu_order":0,"comment_status":"closed","ping_status":"closed","template":"elementor_header_footer","meta":{"_joinchat":[],"footnotes":""},"class_list":["post-19681","page","type-page","status-publish","hentry"],"yoast_head":"<!-- This site is optimized with the Yoast SEO plugin v25.5 - https:\/\/yoast.com\/wordpress\/plugins\/seo\/ -->\n<title>Restaurant amb men\u00fa diari a les Arenes de Barcelona<\/title>\n<meta name=\"description\" content=\"Restaurant mediterrani amb men\u00fa diari davant de Fira a les Arenes de Barcelona i amb vistes a Pla\u00e7a Espanya.\" \/>\n<meta name=\"robots\" content=\"index, follow, max-snippet:-1, max-image-preview:large, max-video-preview:-1\" \/>\n<link rel=\"canonical\" href=\"https:\/\/restauranteabrassame.com\/ca\/menu-dia\/\" \/>\n<meta property=\"og:locale\" content=\"ca_ES\" \/>\n<meta property=\"og:type\" content=\"article\" \/>\n<meta property=\"og:title\" content=\"Restaurant amb men\u00fa diari a les Arenes de Barcelona\" \/>\n<meta property=\"og:description\" content=\"Restaurant mediterrani amb men\u00fa diari davant de Fira a les Arenes de Barcelona i amb vistes a Pla\u00e7a Espanya.\" \/>\n<meta property=\"og:url\" content=\"https:\/\/restauranteabrassame.com\/ca\/menu-dia\/\" \/>\n<meta property=\"og:site_name\" content=\"Restaurante Abrassame\" \/>\n<meta property=\"article:publisher\" content=\"https:\/\/www.facebook.com\/RestauranteAbrassame\" \/>\n<meta property=\"article:modified_time\" content=\"2026-01-12T15:25:19+00:00\" \/>\n<meta property=\"og:image\" content=\"https:\/\/restauranteabrassame.com\/wp-content\/uploads\/2026\/01\/Menu-dia-Restaurant-Barcelona-Abrassame.jpg\" \/>\n\t<meta property=\"og:image:width\" content=\"441\" \/>\n\t<meta property=\"og:image:height\" content=\"880\" \/>\n\t<meta property=\"og:image:type\" content=\"image\/jpeg\" \/>\n<meta name=\"twitter:card\" content=\"summary_large_image\" \/>\n<meta name=\"twitter:label1\" content=\"Temps estimat de lectura\" \/>\n\t<meta name=\"twitter:data1\" content=\"1 minut\" \/>\n<script type=\"application\/ld+json\" class=\"yoast-schema-graph\">{\"@context\":\"https:\/\/schema.org\",\"@graph\":[{\"@type\":\"WebPage\",\"@id\":\"https:\/\/restauranteabrassame.com\/ca\/menu-dia\/\",\"url\":\"https:\/\/restauranteabrassame.com\/ca\/menu-dia\/\",\"name\":\"Restaurant amb men\u00fa diari a les Arenes de Barcelona\",\"isPartOf\":{\"@id\":\"https:\/\/restauranteabrassame.com\/ca\/#website\"},\"primaryImageOfPage\":{\"@id\":\"https:\/\/restauranteabrassame.com\/ca\/menu-dia\/#primaryimage\"},\"image\":{\"@id\":\"https:\/\/restauranteabrassame.com\/ca\/menu-dia\/#primaryimage\"},\"thumbnailUrl\":\"https:\/\/restauranteabrassame.com\/wp-content\/uploads\/2026\/01\/Menu-dia-Restaurant-Barcelona-Abrassame.jpg\",\"datePublished\":\"2023-12-15T09:27:28+00:00\",\"dateModified\":\"2026-01-12T15:25:19+00:00\",\"description\":\"Restaurant mediterrani amb men\u00fa diari davant de Fira a les Arenes de Barcelona i amb vistes a Pla\u00e7a Espanya.\",\"breadcrumb\":{\"@id\":\"https:\/\/restauranteabrassame.com\/ca\/menu-dia\/#breadcrumb\"},\"inLanguage\":\"ca\",\"potentialAction\":[{\"@type\":\"ReadAction\",\"target\":[\"https:\/\/restauranteabrassame.com\/ca\/menu-dia\/\"]}]},{\"@type\":\"ImageObject\",\"inLanguage\":\"ca\",\"@id\":\"https:\/\/restauranteabrassame.com\/ca\/menu-dia\/#primaryimage\",\"url\":\"https:\/\/restauranteabrassame.com\/wp-content\/uploads\/2026\/01\/Menu-dia-Restaurant-Barcelona-Abrassame.jpg\",\"contentUrl\":\"https:\/\/restauranteabrassame.com\/wp-content\/uploads\/2026\/01\/Menu-dia-Restaurant-Barcelona-Abrassame.jpg\"},{\"@type\":\"BreadcrumbList\",\"@id\":\"https:\/\/restauranteabrassame.com\/ca\/menu-dia\/#breadcrumb\",\"itemListElement\":[{\"@type\":\"ListItem\",\"position\":1,\"name\":\"Portada\",\"item\":\"https:\/\/restauranteabrassame.com\/ca\/\"},{\"@type\":\"ListItem\",\"position\":2,\"name\":\"Men\u00fa dia\"}]},{\"@type\":\"WebSite\",\"@id\":\"https:\/\/restauranteabrassame.com\/ca\/#website\",\"url\":\"https:\/\/restauranteabrassame.com\/ca\/\",\"name\":\"Restaurante Abrassame\",\"description\":\"Cocina Mediterr\u00e1nea en Barcelona\",\"publisher\":{\"@id\":\"https:\/\/restauranteabrassame.com\/ca\/#organization\"},\"potentialAction\":[{\"@type\":\"SearchAction\",\"target\":{\"@type\":\"EntryPoint\",\"urlTemplate\":\"https:\/\/restauranteabrassame.com\/ca\/?s={search_term_string}\"},\"query-input\":{\"@type\":\"PropertyValueSpecification\",\"valueRequired\":true,\"valueName\":\"search_term_string\"}}],\"inLanguage\":\"ca\"},{\"@type\":\"Organization\",\"@id\":\"https:\/\/restauranteabrassame.com\/ca\/#organization\",\"name\":\"Restaurante Abrassame\",\"url\":\"https:\/\/restauranteabrassame.com\/ca\/\",\"logo\":{\"@type\":\"ImageObject\",\"inLanguage\":\"ca\",\"@id\":\"https:\/\/restauranteabrassame.com\/ca\/#\/schema\/logo\/image\/\",\"url\":\"https:\/\/restauranteabrassame.com\/wp-content\/uploads\/2023\/09\/rest-abrassame.png\",\"contentUrl\":\"https:\/\/restauranteabrassame.com\/wp-content\/uploads\/2023\/09\/rest-abrassame.png\",\"width\":800,\"height\":800,\"caption\":\"Restaurante Abrassame\"},\"image\":{\"@id\":\"https:\/\/restauranteabrassame.com\/ca\/#\/schema\/logo\/image\/\"},\"sameAs\":[\"https:\/\/www.facebook.com\/RestauranteAbrassame\",\"https:\/\/www.instagram.com\/restauranteabrassame\/\"]}]}<\/script>\n<!-- \/ Yoast SEO plugin. -->","yoast_head_json":{"title":"Restaurant amb men\u00fa diari a les Arenes de Barcelona","description":"Restaurant mediterrani amb men\u00fa diari davant de Fira a les Arenes de Barcelona i amb vistes a Pla\u00e7a Espanya.","robots":{"index":"index","follow":"follow","max-snippet":"max-snippet:-1","max-image-preview":"max-image-preview:large","max-video-preview":"max-video-preview:-1"},"canonical":"https:\/\/restauranteabrassame.com\/ca\/menu-dia\/","og_locale":"ca_ES","og_type":"article","og_title":"Restaurant amb men\u00fa diari a les Arenes de Barcelona","og_description":"Restaurant mediterrani amb men\u00fa diari davant de Fira a les Arenes de Barcelona i amb vistes a Pla\u00e7a Espanya.","og_url":"https:\/\/restauranteabrassame.com\/ca\/menu-dia\/","og_site_name":"Restaurante Abrassame","article_publisher":"https:\/\/www.facebook.com\/RestauranteAbrassame","article_modified_time":"2026-01-12T15:25:19+00:00","og_image":[{"width":441,"height":880,"url":"https:\/\/restauranteabrassame.com\/wp-content\/uploads\/2026\/01\/Menu-dia-Restaurant-Barcelona-Abrassame.jpg","type":"image\/jpeg"}],"twitter_card":"summary_large_image","twitter_misc":{"Temps estimat de lectura":"1 minut"},"schema":{"@context":"https:\/\/schema.org","@graph":[{"@type":"WebPage","@id":"https:\/\/restauranteabrassame.com\/ca\/menu-dia\/","url":"https:\/\/restauranteabrassame.com\/ca\/menu-dia\/","name":"Restaurant amb men\u00fa diari a les Arenes de Barcelona","isPartOf":{"@id":"https:\/\/restauranteabrassame.com\/ca\/#website"},"primaryImageOfPage":{"@id":"https:\/\/restauranteabrassame.com\/ca\/menu-dia\/#primaryimage"},"image":{"@id":"https:\/\/restauranteabrassame.com\/ca\/menu-dia\/#primaryimage"},"thumbnailUrl":"https:\/\/restauranteabrassame.com\/wp-content\/uploads\/2026\/01\/Menu-dia-Restaurant-Barcelona-Abrassame.jpg","datePublished":"2023-12-15T09:27:28+00:00","dateModified":"2026-01-12T15:25:19+00:00","description":"Restaurant mediterrani amb men\u00fa diari davant de Fira a les Arenes de Barcelona i amb vistes a Pla\u00e7a Espanya.","breadcrumb":{"@id":"https:\/\/restauranteabrassame.com\/ca\/menu-dia\/#breadcrumb"},"inLanguage":"ca","potentialAction":[{"@type":"ReadAction","target":["https:\/\/restauranteabrassame.com\/ca\/menu-dia\/"]}]},{"@type":"ImageObject","inLanguage":"ca","@id":"https:\/\/restauranteabrassame.com\/ca\/menu-dia\/#primaryimage","url":"https:\/\/restauranteabrassame.com\/wp-content\/uploads\/2026\/01\/Menu-dia-Restaurant-Barcelona-Abrassame.jpg","contentUrl":"https:\/\/restauranteabrassame.com\/wp-content\/uploads\/2026\/01\/Menu-dia-Restaurant-Barcelona-Abrassame.jpg"},{"@type":"BreadcrumbList","@id":"https:\/\/restauranteabrassame.com\/ca\/menu-dia\/#breadcrumb","itemListElement":[{"@type":"ListItem","position":1,"name":"Portada","item":"https:\/\/restauranteabrassame.com\/ca\/"},{"@type":"ListItem","position":2,"name":"Men\u00fa dia"}]},{"@type":"WebSite","@id":"https:\/\/restauranteabrassame.com\/ca\/#website","url":"https:\/\/restauranteabrassame.com\/ca\/","name":"Restaurante Abrassame","description":"Cocina Mediterr\u00e1nea en Barcelona","publisher":{"@id":"https:\/\/restauranteabrassame.com\/ca\/#organization"},"potentialAction":[{"@type":"SearchAction","target":{"@type":"EntryPoint","urlTemplate":"https:\/\/restauranteabrassame.com\/ca\/?s={search_term_string}"},"query-input":{"@type":"PropertyValueSpecification","valueRequired":true,"valueName":"search_term_string"}}],"inLanguage":"ca"},{"@type":"Organization","@id":"https:\/\/restauranteabrassame.com\/ca\/#organization","name":"Restaurante Abrassame","url":"https:\/\/restauranteabrassame.com\/ca\/","logo":{"@type":"ImageObject","inLanguage":"ca","@id":"https:\/\/restauranteabrassame.com\/ca\/#\/schema\/logo\/image\/","url":"https:\/\/restauranteabrassame.com\/wp-content\/uploads\/2023\/09\/rest-abrassame.png","contentUrl":"https:\/\/restauranteabrassame.com\/wp-content\/uploads\/2023\/09\/rest-abrassame.png","width":800,"height":800,"caption":"Restaurante Abrassame"},"image":{"@id":"https:\/\/restauranteabrassame.com\/ca\/#\/schema\/logo\/image\/"},"sameAs":["https:\/\/www.facebook.com\/RestauranteAbrassame","https:\/\/www.instagram.com\/restauranteabrassame\/"]}]}},"_links":{"self":[{"href":"https:\/\/restauranteabrassame.com\/ca\/wp-json\/wp\/v2\/pages\/19681","targetHints":{"allow":["GET"]}}],"collection":[{"href":"https:\/\/restauranteabrassame.com\/ca\/wp-json\/wp\/v2\/pages"}],"about":[{"href":"https:\/\/restauranteabrassame.com\/ca\/wp-json\/wp\/v2\/types\/page"}],"author":[{"embeddable":true,"href":"https:\/\/restauranteabrassame.com\/ca\/wp-json\/wp\/v2\/users\/1"}],"replies":[{"embeddable":true,"href":"https:\/\/restauranteabrassame.com\/ca\/wp-json\/wp\/v2\/comments?post=19681"}],"version-history":[{"count":12,"href":"https:\/\/restauranteabrassame.com\/ca\/wp-json\/wp\/v2\/pages\/19681\/revisions"}],"predecessor-version":[{"id":21564,"href":"https:\/\/restauranteabrassame.com\/ca\/wp-json\/wp\/v2\/pages\/19681\/revisions\/21564"}],"wp:attachment":[{"href":"https:\/\/restauranteabrassame.com\/ca\/wp-json\/wp\/v2\/media?parent=19681"}],"curies":[{"name":"wp","href":"https:\/\/api.w.org\/{rel}","templated":true}]}}