{"id":19691,"date":"2023-12-15T10:09:08","date_gmt":"2023-12-15T09:09:08","guid":{"rendered":"http:\/\/restauranteabrassame.com\/politica-de-privacitat\/"},"modified":"2024-02-28T22:53:25","modified_gmt":"2024-02-28T21:53:25","slug":"politica-de-privacitat","status":"publish","type":"page","link":"https:\/\/restauranteabrassame.com\/ca\/politica-de-privacitat\/","title":{"rendered":"Politica de Privacitat"},"content":{"rendered":"\t\t<div data-elementor-type=\"wp-page\" data-elementor-id=\"19691\" class=\"elementor elementor-19691 elementor-19575\" data-elementor-post-type=\"page\">\n\t\t\t\t\t\t<section class=\"elementor-section elementor-top-section elementor-element elementor-element-1f7fcdf elementor-section-boxed elementor-section-height-default elementor-section-height-default sc_fly_static\" data-id=\"1f7fcdf\" data-element_type=\"section\">\n\t\t\t\t\t\t<div class=\"elementor-container elementor-column-gap-extended\">\n\t\t\t\t\t<div class=\"elementor-column elementor-col-100 elementor-top-column elementor-element elementor-element-7e60680 sc_content_align_inherit sc_layouts_column_icons_position_left sc_fly_static\" data-id=\"7e60680\" data-element_type=\"column\">\n\t\t\t<div class=\"elementor-widget-wrap elementor-element-populated\">\n\t\t\t\t\t\t<div class=\"elementor-element elementor-element-c6b6bcd sc_fly_static elementor-widget elementor-widget-heading\" data-id=\"c6b6bcd\" data-element_type=\"widget\" data-widget_type=\"heading.default\">\n\t\t\t\t<div class=\"elementor-widget-container\">\n\t\t\t\t\t<h2 class=\"elementor-heading-title elementor-size-default\">Pol\u00edtica de Privacitat<\/h2>\t\t\t\t<\/div>\n\t\t\t\t<\/div>\n\t\t\t\t<div class=\"elementor-element elementor-element-4fc6b79 sc_fly_static elementor-widget elementor-widget-text-editor\" data-id=\"4fc6b79\" data-element_type=\"widget\" data-widget_type=\"text-editor.default\">\n\t\t\t\t<div class=\"elementor-widget-container\">\n\t\t\t\t\t\t\t\t\t<p><strong>ABRASSAME SL <\/strong>est\u00e0 especialment sensibilitzada en la protecci\u00f3 de dades de car\u00e0cter personal dels Usuaris dels serveis del lloc Web. Mitjan\u00e7ant la present Pol\u00edtica de Privacitat (en endavant, la Pol\u00edtica)  <strong>ABRASSAME SL  <\/strong>, informa als USUARIS d&#8217;aquest lloc web, dels usos als quals se sotmeten les dades de car\u00e0cter personal que es recaven en lloc Web, per tal que decideixin, lliurement i volunt\u00e0riament, si volen facilitar la informaci\u00f3 sol\u00b7licitada.<\/p>\n<p><strong>ABRASSAME SL <\/strong>es reserva la facultat de modificar aquesta Pol\u00edtica amb l&#8217; objecte d&#8217; adaptar-la a novetats legislatives, criteris jurisprudencials, pr\u00e0ctiques del sector, o interessos de l&#8217; entitat. Qualsevol modificaci\u00f3 en la mateixa ser\u00e0 anunciada amb la deguda antelaci\u00f3, a fi que tingui perfecte coneixement del seu contingut.<\/p>\n<p><strong>RESPONSABLE<\/strong><\/p>\n<p>El responsable del Tractament de les dades de car\u00e0cter personal \u00e9s:<\/p>\n<p>Identitat: <strong>ABRASSAME SL <\/strong>amb CIF\/NIF: <strong>B65733230<\/strong>, en endavant ENTITAT<\/p>\n<p>Adre\u00e7a: <strong>Gran Via de les Corts Catalanes, 373 \u2013 385, 08015 Barcelona<\/strong><\/p>\n<p>E-mail: <strong>hola@abrassame.com<\/strong><\/p>\n<p><strong>DELEGAT DE PROTECCI\u00d3 DE DADES<\/strong><\/p>\n<p>Contacte per email: <strong>hola@abrassame.com<\/strong><\/p>\n<p><strong>FINALITAT DEL TRACTAMENT<\/strong><\/p>\n<p>La recollida i tractament de les dades personals recollides a trav\u00e9s del formulari de contacte, t\u00e9 com a finalitat la gesti\u00f3, administraci\u00f3, prestaci\u00f3, ampliaci\u00f3 i millora dels serveis prestats per <strong>ABRASSAME SL <\/strong>, atenent les sol\u00b7licituds d&#8217;informaci\u00f3 i\/o consultes plantejades.<\/p>\n<p><strong>TERMINI DE CONSERVACI\u00d3<\/strong><\/p>\n<p>Les dades personals proporcionades es conservaran durant el termini corresponent per complir amb les obligacions legals, o fins que se sol\u00b7liciti la seva supressi\u00f3 per l&#8217;interessat i aquest estigui legitimat per a aix\u00f2.<\/p>\n<p><strong>LEGITIMACI\u00d3<\/strong><\/p>\n<p><strong>ABRASSAME SL <\/strong>est\u00e0 legitimat al tractament de dades personals, en base al consentiment atorgat per l&#8217; interessat per a un o diversos fins espec\u00edfics, tal com recull l&#8217; article 6.1.a) del Reglament General de Protecci\u00f3 de dades personals.<\/p>\n<p><strong>DESTINATARIS<\/strong><\/p>\n<p>Les dades personals recaptades no seran cedides o comunicades a altres tercers, excepte en els sup\u00f2sits necessaris per al desenvolupament, control i compliment de la\/s finalitat\/es expressada\/s, en els sup\u00f2sits previstos segons Llei, aix\u00ed com en els casos espec\u00edfics, dels quals s&#8217;informi expressament a l&#8217;Usuari.<\/p>\n<p><strong>DRETS DELS USUARIS:<\/strong><\/p>\n<p>Quins s\u00f3n els seus drets quan ens facilita les seves dades?<\/p>\n<ul>\n<li>Acc\u00e9s: L&#8217; interessat t\u00e9 dret a saber quines dades est\u00e0 tractant l&#8217; ENTITAT sobre ell.<\/li>\n<li>Rectificaci\u00f3: L&#8217; interessat t\u00e9 dret a demanar la rectificaci\u00f3 de les dades inexactes.<\/li>\n<li>Supressi\u00f3: L&#8217; interessat t\u00e9 dret a demanar la supressi\u00f3 de les seves dades quan, entro altres motius, les dades no siguin necess\u00e0ries per a les finalitats que van ser recollides.<\/li>\n<li>Limitaci\u00f3 del tractament: En determinades circumst\u00e0ncies l&#8217; interessat podr\u00e0 demanar la limitaci\u00f3 del tractament de les seves dades, cas en el qual \u00fanicament les conservarem per a l&#8217; exercici o la defensa de reclamacions.<\/li>\n<li>Oposici\u00f3: En determinades circumst\u00e0ncies l&#8217; interessat podr\u00e0 oposar-se al tractament de les seves dades. En aquest cas l&#8217; ENTITAT deixar\u00e0 de tractar les seves dades, excepte per motius leg\u00edtims imperiosos o l&#8217; exercici o la defensa de possibles reclamacions.<\/li>\n<li>Portabilitat de les dades: Nom\u00e9s aplicable a dades automatitzades i consisteix a passar les dades des de l&#8217;ENTITAT a un altre nou RESPONSABLE DEL TRACTAMENT (no a l&#8217;interessat i per sol\u00b7licitud del mateix).<\/li>\n<\/ul>\n<p>Pot vost\u00e8 exercir els seus drets incl\u00f2s el dret a retirar el seu consentiment (si aquest va ser atorgat) enviant un escrit acompanyat del seu DNI a <strong>ABRASSAME SL <\/strong>a <strong>Gran Via de les Corts Catalanes, 373 \u2013 385, 08015 Barcelona <\/strong>o enviant un e-mail a <strong>hola@abrassame.com<\/strong><\/p>\n<p>A m\u00e9s, t\u00e9 vost\u00e8 dret a presentar una reclamaci\u00f3 davant l&#8217;Autoritat de Control en mat\u00e8ria de Protecci\u00f3 de Dades, actualment l&#8217;Ag\u00e8ncia Espanyola de Protecci\u00f3 de Dades.<\/p>\n<p><strong>MESURES DE SEGURETAT<\/strong><\/p>\n<p>El responsable del tractament <strong>ABRASSAME SL <\/strong>aplicar\u00e0 mesures t\u00e8cniques i organitzatives apropiades per garantir un nivell de seguretat adequat al risc del mateix.<\/p>\n<p><strong>TRANSFER\u00c8NCIES INTERNACIONALS<\/strong><\/p>\n<p>No es realitzen transfer\u00e8ncies internacionals.<\/p>\n<p><strong>PERFILS I PRESES DE DECISIONS AUTOMATITZADES<\/strong><\/p>\n<p>No s&#8217;elaboren perfils, No es prenen decisions automatitzades amb les dades facilitades per l&#8217;usuari.<\/p>\t\t\t\t\t\t\t\t<\/div>\n\t\t\t\t<\/div>\n\t\t\t\t\t<\/div>\n\t\t<\/div>\n\t\t\t\t\t<\/div>\n\t\t<\/section>\n\t\t\t\t<\/div>\n\t\t","protected":false},"excerpt":{"rendered":"<p>Pol\u00edtica de Privacitat ABRASSAME SL est\u00e0 especialment sensibilitzada en la protecci\u00f3 de dades de car\u00e0cter personal dels Usuaris dels serveis del lloc Web. Mitjan\u00e7ant la present Pol\u00edtica de Privacitat (en&hellip;<\/p>\n","protected":false},"author":1,"featured_media":0,"parent":0,"menu_order":0,"comment_status":"closed","ping_status":"closed","template":"","meta":{"_joinchat":[],"footnotes":""},"class_list":["post-19691","page","type-page","status-publish","hentry"],"yoast_head":"<!-- This site is optimized with the Yoast SEO plugin v25.5 - https:\/\/yoast.com\/wordpress\/plugins\/seo\/ -->\n<title>Politica de Privacitat - Restaurante Abrassame<\/title>\n<meta name=\"robots\" content=\"noindex, nofollow\" \/>\n<meta property=\"og:locale\" content=\"ca_ES\" \/>\n<meta property=\"og:type\" content=\"article\" \/>\n<meta property=\"og:title\" content=\"Politica de Privacitat - Restaurante Abrassame\" \/>\n<meta property=\"og:description\" content=\"Pol\u00edtica de Privacitat ABRASSAME SL est\u00e0 especialment sensibilitzada en la protecci\u00f3 de dades de car\u00e0cter personal dels Usuaris dels serveis del lloc Web. Mitjan\u00e7ant la present Pol\u00edtica de Privacitat (en&hellip;\" \/>\n<meta property=\"og:url\" content=\"https:\/\/restauranteabrassame.com\/ca\/politica-de-privacitat\/\" \/>\n<meta property=\"og:site_name\" content=\"Restaurante Abrassame\" \/>\n<meta property=\"article:publisher\" content=\"https:\/\/www.facebook.com\/RestauranteAbrassame\" \/>\n<meta property=\"article:modified_time\" content=\"2024-02-28T21:53:25+00:00\" \/>\n<meta name=\"twitter:card\" content=\"summary_large_image\" \/>\n<meta name=\"twitter:label1\" content=\"Temps estimat de lectura\" \/>\n\t<meta name=\"twitter:data1\" content=\"3 minuts\" \/>\n<script type=\"application\/ld+json\" class=\"yoast-schema-graph\">{\"@context\":\"https:\/\/schema.org\",\"@graph\":[{\"@type\":\"WebPage\",\"@id\":\"https:\/\/restauranteabrassame.com\/ca\/politica-de-privacitat\/\",\"url\":\"https:\/\/restauranteabrassame.com\/ca\/politica-de-privacitat\/\",\"name\":\"Politica de Privacitat - Restaurante Abrassame\",\"isPartOf\":{\"@id\":\"https:\/\/restauranteabrassame.com\/ca\/#website\"},\"datePublished\":\"2023-12-15T09:09:08+00:00\",\"dateModified\":\"2024-02-28T21:53:25+00:00\",\"breadcrumb\":{\"@id\":\"https:\/\/restauranteabrassame.com\/ca\/politica-de-privacitat\/#breadcrumb\"},\"inLanguage\":\"ca\",\"potentialAction\":[{\"@type\":\"ReadAction\",\"target\":[\"https:\/\/restauranteabrassame.com\/ca\/politica-de-privacitat\/\"]}]},{\"@type\":\"BreadcrumbList\",\"@id\":\"https:\/\/restauranteabrassame.com\/ca\/politica-de-privacitat\/#breadcrumb\",\"itemListElement\":[{\"@type\":\"ListItem\",\"position\":1,\"name\":\"Portada\",\"item\":\"https:\/\/restauranteabrassame.com\/ca\/\"},{\"@type\":\"ListItem\",\"position\":2,\"name\":\"Politica de Privacitat\"}]},{\"@type\":\"WebSite\",\"@id\":\"https:\/\/restauranteabrassame.com\/ca\/#website\",\"url\":\"https:\/\/restauranteabrassame.com\/ca\/\",\"name\":\"Restaurante Abrassame\",\"description\":\"Cocina Mediterr\u00e1nea en Barcelona\",\"publisher\":{\"@id\":\"https:\/\/restauranteabrassame.com\/ca\/#organization\"},\"potentialAction\":[{\"@type\":\"SearchAction\",\"target\":{\"@type\":\"EntryPoint\",\"urlTemplate\":\"https:\/\/restauranteabrassame.com\/ca\/?s={search_term_string}\"},\"query-input\":{\"@type\":\"PropertyValueSpecification\",\"valueRequired\":true,\"valueName\":\"search_term_string\"}}],\"inLanguage\":\"ca\"},{\"@type\":\"Organization\",\"@id\":\"https:\/\/restauranteabrassame.com\/ca\/#organization\",\"name\":\"Restaurante Abrassame\",\"url\":\"https:\/\/restauranteabrassame.com\/ca\/\",\"logo\":{\"@type\":\"ImageObject\",\"inLanguage\":\"ca\",\"@id\":\"https:\/\/restauranteabrassame.com\/ca\/#\/schema\/logo\/image\/\",\"url\":\"https:\/\/restauranteabrassame.com\/wp-content\/uploads\/2023\/09\/rest-abrassame.png\",\"contentUrl\":\"https:\/\/restauranteabrassame.com\/wp-content\/uploads\/2023\/09\/rest-abrassame.png\",\"width\":800,\"height\":800,\"caption\":\"Restaurante Abrassame\"},\"image\":{\"@id\":\"https:\/\/restauranteabrassame.com\/ca\/#\/schema\/logo\/image\/\"},\"sameAs\":[\"https:\/\/www.facebook.com\/RestauranteAbrassame\",\"https:\/\/www.instagram.com\/restauranteabrassame\/\"]}]}<\/script>\n<!-- \/ Yoast SEO plugin. -->","yoast_head_json":{"title":"Politica de Privacitat - Restaurante Abrassame","robots":{"index":"noindex","follow":"nofollow"},"og_locale":"ca_ES","og_type":"article","og_title":"Politica de Privacitat - Restaurante Abrassame","og_description":"Pol\u00edtica de Privacitat ABRASSAME SL est\u00e0 especialment sensibilitzada en la protecci\u00f3 de dades de car\u00e0cter personal dels Usuaris dels serveis del lloc Web. Mitjan\u00e7ant la present Pol\u00edtica de Privacitat (en&hellip;","og_url":"https:\/\/restauranteabrassame.com\/ca\/politica-de-privacitat\/","og_site_name":"Restaurante Abrassame","article_publisher":"https:\/\/www.facebook.com\/RestauranteAbrassame","article_modified_time":"2024-02-28T21:53:25+00:00","twitter_card":"summary_large_image","twitter_misc":{"Temps estimat de lectura":"3 minuts"},"schema":{"@context":"https:\/\/schema.org","@graph":[{"@type":"WebPage","@id":"https:\/\/restauranteabrassame.com\/ca\/politica-de-privacitat\/","url":"https:\/\/restauranteabrassame.com\/ca\/politica-de-privacitat\/","name":"Politica de Privacitat - Restaurante Abrassame","isPartOf":{"@id":"https:\/\/restauranteabrassame.com\/ca\/#website"},"datePublished":"2023-12-15T09:09:08+00:00","dateModified":"2024-02-28T21:53:25+00:00","breadcrumb":{"@id":"https:\/\/restauranteabrassame.com\/ca\/politica-de-privacitat\/#breadcrumb"},"inLanguage":"ca","potentialAction":[{"@type":"ReadAction","target":["https:\/\/restauranteabrassame.com\/ca\/politica-de-privacitat\/"]}]},{"@type":"BreadcrumbList","@id":"https:\/\/restauranteabrassame.com\/ca\/politica-de-privacitat\/#breadcrumb","itemListElement":[{"@type":"ListItem","position":1,"name":"Portada","item":"https:\/\/restauranteabrassame.com\/ca\/"},{"@type":"ListItem","position":2,"name":"Politica de Privacitat"}]},{"@type":"WebSite","@id":"https:\/\/restauranteabrassame.com\/ca\/#website","url":"https:\/\/restauranteabrassame.com\/ca\/","name":"Restaurante Abrassame","description":"Cocina Mediterr\u00e1nea en Barcelona","publisher":{"@id":"https:\/\/restauranteabrassame.com\/ca\/#organization"},"potentialAction":[{"@type":"SearchAction","target":{"@type":"EntryPoint","urlTemplate":"https:\/\/restauranteabrassame.com\/ca\/?s={search_term_string}"},"query-input":{"@type":"PropertyValueSpecification","valueRequired":true,"valueName":"search_term_string"}}],"inLanguage":"ca"},{"@type":"Organization","@id":"https:\/\/restauranteabrassame.com\/ca\/#organization","name":"Restaurante Abrassame","url":"https:\/\/restauranteabrassame.com\/ca\/","logo":{"@type":"ImageObject","inLanguage":"ca","@id":"https:\/\/restauranteabrassame.com\/ca\/#\/schema\/logo\/image\/","url":"https:\/\/restauranteabrassame.com\/wp-content\/uploads\/2023\/09\/rest-abrassame.png","contentUrl":"https:\/\/restauranteabrassame.com\/wp-content\/uploads\/2023\/09\/rest-abrassame.png","width":800,"height":800,"caption":"Restaurante Abrassame"},"image":{"@id":"https:\/\/restauranteabrassame.com\/ca\/#\/schema\/logo\/image\/"},"sameAs":["https:\/\/www.facebook.com\/RestauranteAbrassame","https:\/\/www.instagram.com\/restauranteabrassame\/"]}]}},"_links":{"self":[{"href":"https:\/\/restauranteabrassame.com\/ca\/wp-json\/wp\/v2\/pages\/19691","targetHints":{"allow":["GET"]}}],"collection":[{"href":"https:\/\/restauranteabrassame.com\/ca\/wp-json\/wp\/v2\/pages"}],"about":[{"href":"https:\/\/restauranteabrassame.com\/ca\/wp-json\/wp\/v2\/types\/page"}],"author":[{"embeddable":true,"href":"https:\/\/restauranteabrassame.com\/ca\/wp-json\/wp\/v2\/users\/1"}],"replies":[{"embeddable":true,"href":"https:\/\/restauranteabrassame.com\/ca\/wp-json\/wp\/v2\/comments?post=19691"}],"version-history":[{"count":3,"href":"https:\/\/restauranteabrassame.com\/ca\/wp-json\/wp\/v2\/pages\/19691\/revisions"}],"predecessor-version":[{"id":19760,"href":"https:\/\/restauranteabrassame.com\/ca\/wp-json\/wp\/v2\/pages\/19691\/revisions\/19760"}],"wp:attachment":[{"href":"https:\/\/restauranteabrassame.com\/ca\/wp-json\/wp\/v2\/media?parent=19691"}],"curies":[{"name":"wp","href":"https:\/\/api.w.org\/{rel}","templated":true}]}}