{"id":19733,"date":"2024-01-04T09:35:52","date_gmt":"2024-01-04T08:35:52","guid":{"rendered":"http:\/\/restauranteabrassame.com\/condicions-de-compra\/"},"modified":"2024-02-28T22:54:24","modified_gmt":"2024-02-28T21:54:24","slug":"condicions-de-compra","status":"publish","type":"page","link":"https:\/\/restauranteabrassame.com\/ca\/condicions-de-compra\/","title":{"rendered":"Condicions de Compra"},"content":{"rendered":"\t\t<div data-elementor-type=\"wp-page\" data-elementor-id=\"19733\" class=\"elementor elementor-19733 elementor-19651\" data-elementor-post-type=\"page\">\n\t\t\t\t\t\t<section class=\"elementor-section elementor-top-section elementor-element elementor-element-1f7fcdf elementor-section-boxed elementor-section-height-default elementor-section-height-default sc_fly_static\" data-id=\"1f7fcdf\" data-element_type=\"section\">\n\t\t\t\t\t\t<div class=\"elementor-container elementor-column-gap-extended\">\n\t\t\t\t\t<div class=\"elementor-column elementor-col-100 elementor-top-column elementor-element elementor-element-7e60680 sc_content_align_inherit sc_layouts_column_icons_position_left sc_fly_static\" data-id=\"7e60680\" data-element_type=\"column\">\n\t\t\t<div class=\"elementor-widget-wrap elementor-element-populated\">\n\t\t\t\t\t\t<div class=\"elementor-element elementor-element-c6b6bcd sc_fly_static elementor-widget elementor-widget-heading\" data-id=\"c6b6bcd\" data-element_type=\"widget\" data-widget_type=\"heading.default\">\n\t\t\t\t<div class=\"elementor-widget-container\">\n\t\t\t\t\t<h2 class=\"elementor-heading-title elementor-size-default\">Condicions de Compra<\/h2>\t\t\t\t<\/div>\n\t\t\t\t<\/div>\n\t\t\t\t<div class=\"elementor-element elementor-element-4fc6b79 sc_fly_static elementor-widget elementor-widget-text-editor\" data-id=\"4fc6b79\" data-element_type=\"widget\" data-widget_type=\"text-editor.default\">\n\t\t\t\t<div class=\"elementor-widget-container\">\n\t\t\t\t\t\t\t\t\t<ol>\n<li><strong>  DADES IDENTIFICATIVES<\/strong><\/li>\n<\/ol>\n<p>El terme <strong>Abrassame, SL<\/strong> es refereix al propietari del lloc web, <strong>AMB NIF B-65733230<\/strong> i el domicili social del qual <strong>\u00e9s Gran Via de les Corts Catalanes, 373-385, 08015 &#8211; Barcelona<\/strong><\/p>\n<ol start=\"2\">\n<li><strong>  OBJECTE<\/strong><\/li>\n<\/ol>\n<p>El present document t\u00e9 per objecte establir les Condicions Generals d&#8217; \u00das i Acc\u00e9s al Portal d <strong>&#8216; Internet restauranteabrassame.com<\/strong> aix\u00ed com les responsabilitats derivades de la utilitzaci\u00f3 dels seus continguts, que inclouen, a t\u00edtol enunciatiu, imatges, programari o textos; marques o logotips, estructura i disseny, acc\u00e9s i \u00fas.<\/p>\n<p>Qualsevol persona que accedeixi i\/o utilitzi la <strong>Botiga restauranteabrassame.com<\/strong> tindr\u00e0 la condici\u00f3 d&#8217;usuari o &#8220;soci&#8221; (usuari registrat).<\/p>\n<ol start=\"3\">\n<li><strong>  CONDICIONS D&#8217; ACC\u00c9S I UTILITZACI\u00d3 DE LA BOTIGA<\/strong><\/li>\n<\/ol>\n<p>3.1. CONDICI\u00d3 D&#8217;USUARI (USUARI NO REGISTRAT COM A SOCI)<\/p>\n<p><strong>restauranteabrassame.com<\/strong> permet als usuaris accedir de forma lliure i gratu\u00efta als continguts oferts per <strong>Abrassame, SL<\/strong>.<\/p>\n<p>Aquesta web \u00e9s per al seu \u00fas personal i no comercial. No podr\u00e0 utilitzar aquesta p\u00e0gina web ni cap dels continguts amb cap prop\u00f2sit comercial, ni incloure cap publicitat o anunci en un altre site sense l&#8217; autoritzaci\u00f3 pr\u00e8via i per escrit d<strong> &#8216; Abrassame, SL<\/strong>.<\/p>\n<p>3.2. NECESSITAT DE REGISTRE<\/p>\n<p>Amb car\u00e0cter general per a l&#8217; acc\u00e9s als serveis generals, no ser\u00e0 necessari el registre de l&#8217; Usuari. No obstant aix\u00f2, la utilitzaci\u00f3 de determinats Serveis podr\u00e0 estar condicionada al registre previ de l&#8217; Usuari proporcionant una s\u00e8rie de dades personals necess\u00e0ries per poder tenir acc\u00e9s als esmentats serveis.<\/p>\n<p>Aquest registre s&#8217; efectuar\u00e0 en la forma expressament assenyalada en el propi Servei. En aquests casos, seran d&#8217;aplicaci\u00f3 les disposicions recollides en &#8220;Pol\u00edtica de Privacitat&#8221;.<\/p>\n<p>L&#8217;Usuari garanteix l&#8217;autenticitat i exactitud de les dades personals facilitades, comprometent-se a mantenir-les degudament actualitzades en tot moment.<\/p>\n<p>L&#8217;usuari es compromet a fer un \u00fas correcte del seu nom d&#8217;usuari i contrasenya. L&#8217; usuari ser\u00e0 el responsable de totes les accions que es realitzin amb el seu nom d&#8217; usuari. L&#8217;usuari es compromet a tancar la seva sessi\u00f3 en finalitzar-la.<\/p>\n<p>Les dades recopilades seran \u00fanicament les necess\u00e0ries per prestar el servei i seran utilitzades exclusivament per a aquest fi. <strong>Abrassame, SL<\/strong> no utilitzar\u00e0 aquestes dades personals per una finalitat diferent. Nom\u00e9s per a la finalitat que van ser recopilats sense el seu consentiment expr\u00e9s de car\u00e0cter previ.<\/p>\n<p>3.3. GRATU\u00cfTAT DELS SERVEIS<\/p>\n<p>Amb car\u00e0cter general els Serveis oferts a l&#8217;Usuari a trav\u00e9s de la botiga  <strong>s\u00f3n gratu\u00efts, excepte en el cas d&#8217;adquirir un article o servei via online. \u00bf?<\/strong><\/p>\n<p>3.4. \u00daS DE LA BOTIGA I ELS SEUS SERVEIS<\/p>\n<p>L&#8217;Usuari reconeix i accepta que l&#8217;\u00fas dels continguts i\/o serveis oferts per la Botiga ser\u00e0 sota el seu exclusiu risc i\/o responsabilitat.<\/p>\n<p>L&#8217;Usuari es compromet a utilitzar la Botiga i tot el seu contingut i Serveis de conformitat amb la llei, la moral, l&#8217;ordre p\u00fablic i les presents Condicions Generals d&#8217;\u00das. A no emprar-los per realitzar activitats il\u00b7l\u00edcites que atempten contra els drets de tercers i\/o que infringeixin la regulaci\u00f3 sobre propietat intel\u00b7lectual i industrial, o qualssevol altres normes de l&#8217;ordenament jur\u00eddic aplicable.<\/p>\n<p>L&#8217;Usuari haur\u00e0 d&#8217;utilitzar tota la informaci\u00f3 a la qual accedeixi a trav\u00e9s d&#8217;aquest portal (dades contingudes, textos, fotografies, programari, etc.) \u00fanicament per a les seves pr\u00f2pies necessitats, obligant-se a no realitzar ni directament ni indirectament una explotaci\u00f3 comercial ni dels serveis ni dels materials, textos, imatges i informaci\u00f3 obtinguts a trav\u00e9s dels mateixos.<\/p>\n<p>A t\u00edtol enunciatiu, i en cap cas limitatiu o excloent, l&#8217; Usuari es compromet a:<\/p>\n<ol>\n<li>No introduir o difondre continguts o propaganda de car\u00e0cter racista, xen\u00f2fob, pornogr\u00e0fic, d&#8217; apologia del terrorisme o que atemptin contra els drets humans.<\/li>\n<li>No introduir o difondre a la xarxa programes de dades (virus i programari nociu) susceptibles de provocar danys en els sistemes inform\u00e0tics del prove\u00efdor d&#8217;acc\u00e9s, els seus prove\u00efdors o tercers usuaris de la xarxa Internet.<\/li>\n<\/ol>\n<p>III. No difondre, transmetre o posar a disposici\u00f3 de tercers qualsevol tipus d&#8217; informaci\u00f3, element o contingut que atempti contra els drets fonamentals i les llibertats p\u00fabliques reconeguts constitucionalment i en els tractats internacionals.<\/p>\n<ol>\n<li>No difondre, transmetre o posar a disposici\u00f3 de tercers qualsevol tipus d&#8217; informaci\u00f3, element o contingut que constitueixi publicitat il\u00b7l\u00edcita o deslleial.<\/li>\n<li>No transmetre publicitat no sol\u00b7licitada o autoritzada, material publicitari, &#8220;correu escombraries&#8221; o qualsevol altra forma de sol\u00b7licitaci\u00f3, excepte en aquelles \u00e0rees (com ara espais comercials) que hagin estat exclusivament concebudes per a aix\u00f2.<\/li>\n<li>No introduir o difondre qualsevol informaci\u00f3 i continguts falsos, ambigus o inexactes de manera que indueixi a error els receptors de la informaci\u00f3.<\/li>\n<\/ol>\n<p>VII. No suplantar altres usuaris utilitzant les seves claus de registre als diferents serveis i\/o continguts dels Portals.<\/p>\n<p>VIII. No difondre, transmetre o posar a disposici\u00f3 de tercers qualsevol tipus d&#8217;informaci\u00f3, element o contingut que suposi una violaci\u00f3 dels drets de propietat intel\u00b7lectual i industrial, patents, marques o copyright que corresponguin als titulars dels Portals o a tercers.<\/p>\n<ol start=\"4\">\n<li><strong>PROPIETAT INTEL\u00b7LECTUAL I INDUSTRIAL<\/strong><\/li>\n<\/ol>\n<p><strong>Abrassame, SL<\/strong>, per si mateix o com a cession\u00e0ria, \u00e9s titular de tots els drets de propietat intel\u00b7lectual i industrial de la seva p\u00e0gina web, aix\u00ed com dels continguts de la mateixa, titularitat de <strong>restauranteabrassame.com<\/strong> o b\u00e9 dels seus clients. Per aquest motiu l&#8217;usuari es compromet a respectar els drets de Propietat Intel\u00b7lectual i Industrial titularitat de <strong>restauranteabrassame.com<\/strong> <\/p>\n<p>L&#8217;usuari podr\u00e0 visualitzar els elements de la p\u00e0gina web i fins i tot imprimir-los, copiar-los i emmagatzemar-los en el disc dur del seu ordinador o en qualsevol altre suport f\u00edsic sempre que sigui, \u00fanicament i exclusivament, per al seu \u00fas personal i privat.<\/p>\n<p>Est\u00e0 terminantment prohibida la utilitzaci\u00f3 dels textos, imatges, anuncis i qualsevol altre element incl\u00f2s en aquest lloc web per a la seva posterior inclusi\u00f3, total o parcial, en altres llocs web sense comptar amb l&#8217;autoritzaci\u00f3 pr\u00e8via i per escrit de <strong>restauranteabrassame.com<\/strong><\/p>\n<p>L&#8217;usuari reconeix que tots els elements de la botiga i de cadascun dels serveis prestats a trav\u00e9s del mateix, la informaci\u00f3, textos i imatges continguts en el mateix, l&#8217;estructura, ordenaci\u00f3 i presentaci\u00f3 dels seus continguts, les eines i els programes d&#8217;ordinador utilitzats en relaci\u00f3 amb el mateix estan protegits per drets de propietat intel\u00b7lectual i industrial de  <strong>Abrassame, SL<\/strong><\/p>\n<p>L&#8217;usuari no podr\u00e0 suprimir els signes identificatius dels drets (de propietat intel\u00b7lectual, industrial o qualsevol altre) de <strong>restauranteabrassame.com<\/strong> o dels tercers que figurin a la Botiga i a cadascun dels diversos Serveis oferts a trav\u00e9s d&#8217;ell.<\/p>\n<ol start=\"5\">\n<li><strong>EXCLUSI\u00d3 DE GARANTIES. RESPONSABILITAT.<\/strong><\/li>\n<\/ol>\n<p>5.1. DISPONIBILITAT I CONTINU\u00cfTAT DE LA BOTIGA I ELS SERVEIS<\/p>\n<p><strong>Abrassame, SL<\/strong> no garanteix la disponibilitat, acc\u00e9s i continu\u00eftat del funcionament de la Botiga i dels seus Serveis.<\/p>\n<p><strong>Abrassame, SL<\/strong> no ser\u00e0 responsable, amb els l\u00edmits establerts en l&#8217; Ordenament Jur\u00eddic vigent, dels danys i perjudicis causats a l&#8217; Usuari com a conseq\u00fc\u00e8ncia de la indisponibilitat, fallades d&#8217; acc\u00e9s i manca de continu\u00eftat de la Botiga i els seus Serveis.<\/p>\n<p>5.2. CONTINGUTS I SERVEIS DE <strong>restauranteabrassame.com<\/strong><\/p>\n<p><strong>Abrassame, SL<\/strong> respondr\u00e0 \u00fanicament i exclusivament dels serveis que presti per si mateixa i dels continguts directament originats per <strong>restauranteabrassame.com<\/strong><\/p>\n<p>Aquesta responsabilitat quedar\u00e0 exclosa en els casos en qu\u00e8 concorrin causes de for\u00e7a major o en els sup\u00f2sits en qu\u00e8 la configuraci\u00f3 dels equips de l&#8217; Usuari no sigui l&#8217; adequada per permetre el correcte \u00fas dels serveis d&#8217; Internet prestats per <strong>Abrassame, SL<\/strong>. En qualsevol cas, l&#8217; eventual responsabilitat d <strong>&#8216; Abrassame, SL<\/strong> davant l&#8217; usuari per tots els conceptes quedar\u00e0 limitada com a m\u00e0xim a l&#8217; import de les quantitats percebudes directament de l&#8217; usuari per <strong>restauranteabrassame.com<\/strong> amb exclusi\u00f3 en tot cas de responsabilitat per danys indirectes o per lucre cessant.<\/p>\n<ol start=\"6\">\n<li><strong>PROTECCI\u00d3 DE DADES DE CAR\u00c0CTER PERSONAL<\/strong><\/li>\n<\/ol>\n<p>S&#8217;informa als usuaris que de conformitat amb el que estableix la Llei Org\u00e0nica 15\/1999, de 13 de desembre, de Protecci\u00f3 de Dades de Car\u00e0cter Personal i el Reial decret 1720\/2007 de 21 de desembre pel qual s&#8217;aprova el Reglament que desenvolupa aquesta Llei Org\u00e0nica, que les dades personals volunt\u00e0riament facilitades per l&#8217;usuari a trav\u00e9s del formulari de registre s&#8217;incorporaran a un fitxer titularitat de  <strong>Abrassame, SL<\/strong>.<\/p>\n<p>En compliment de l&#8217; esmentada normativa,  <strong>Abrassame, SL<\/strong>  ha adoptat les mesures t\u00e8cniques i organitzatives necess\u00e0ries per mantenir el nivell de seguretat requerit en atenci\u00f3 a les dades personals tractades a efectes d&#8217; evitar en la mesura del possible els accessos no autoritzats, sostraccions i la p\u00e8rdua de les dades.<\/p>\n<p>L&#8217;usuari t\u00e9 dret d&#8217;acc\u00e9s, rectificaci\u00f3 i modificaci\u00f3 de les seves dades personals i a donar-se de baixa del servei de <strong>restauranteabrassame.com<\/strong> Aquests drets es poden fer efectius mitjan\u00e7ant la pr\u00f2pia configuraci\u00f3 personal de la fitxa o b\u00e9 mitjan\u00e7ant correu electr\u00f2nic <strong>comunicacion@grupoabrassame.com<\/strong><\/p>\n<p>Abans de completar el Registre d&#8217; Usuaris haur\u00e0 de llegir la seg\u00fcent informaci\u00f3 sobre Protecci\u00f3 de Dades i Llei de Serveis de la Societat de la Informaci\u00f3.<\/p>\n<ol start=\"7\">\n<li><strong>  RESOLUCI\u00d3<\/strong><\/li>\n<\/ol>\n<p><strong>Abrassame, SL<\/strong>  podr\u00e0, amb car\u00e0cter immediat i sense necessitat de preav\u00eds, resoldre i donar per acabada la seva relaci\u00f3 amb l&#8217; usuari, interrompent el seu acc\u00e9s al Portal o als seus corresponents Serveis, si detecta un \u00fas inadequat dels mateixos o contrari a les condicions generals o particulars que es descriuen en aquest text.<\/p>\n<p>L&#8217;Usuari respondr\u00e0 dels danys i perjudicis de tota naturalesa que  <strong>Abrassame, SL<\/strong>  pugui patir directament o indirectament, com a conseq\u00fc\u00e8ncia de l&#8217; incompliment de qualsevol de les obligacions derivades de les condicions generals o particulars en relaci\u00f3 amb la utilitzaci\u00f3 de la Botiga o de qualsevol dels Serveis vinculats al mateix.<\/p>\n<p>L&#8217;usuari mantindr\u00e0 a  <strong>Abrassame, SL<\/strong>  indemne davant qualsevol sanci\u00f3, reclamaci\u00f3 o demanda que pogu\u00e9s interposar-se per un tercer, inclosos qualssevol organismes p\u00fablics, contra  <strong>Abrassame, SL<\/strong>, els seus empleats o agents com a conseq\u00fc\u00e8ncia de la violaci\u00f3 de qualssevol drets de tercers per part d&#8217; aquest Usuari mitjan\u00e7ant la utilitzaci\u00f3 de la Botiga o dels serveis vinculats al mateix en una forma contr\u00e0ria al previst en les condicions generals o particulars que fossin d&#8217; aplicaci\u00f3.<\/p>\n<ol start=\"8\">\n<li><strong>  DIVERSOS<\/strong><\/li>\n<\/ol>\n<p>8.1 MODIFICACIONS<\/p>\n<p><strong>Abrassame, SL<\/strong> es reserva el dret a efectuar les modificacions que estimi oportunes, podent modificar, suprimir i incloure nous continguts i\/o serveis, aix\u00ed com la forma en qu\u00e8 aquests apareguin presentats i localitzats.<\/p>\n<p>De la mateixa manera, <strong>Abrassame, SL<\/strong> es reserva el dret a modificar les condicions d&#8217; \u00fas de la p\u00e0gina en qualsevol moment. Qualsevol modificaci\u00f3 ser\u00e0 publicada al lloc web.<\/p>\n<p>8.2 EDAT M\u00cdNIMA DELS USUARIS REGISTRATS<\/p>\n<p>L&#8217;Usuari garanteix que \u00e9s major de 14 anys i ser\u00e0 enterament responsable d&#8217;aquesta declaraci\u00f3. <strong>Abrassame, SL<\/strong> podr\u00e0, en qualsevol moment, requerir a l&#8217; Usuari que verifiqui la seva edat mitjan\u00e7ant l&#8217; aportaci\u00f3 del corresponent document identificatiu.<\/p>\n<p>8.3 DURADA I ACABAMENT<\/p>\n<p>La prestaci\u00f3 dels serveis i\/o continguts de la Botiga t\u00e9 una durada indefinida. Sens perjudici de l&#8217; anterior, i d&#8217; acord amb la cl\u00e0usula 8 de les presents Condicions Generals,  <strong>Abrassame, SL<\/strong>  est\u00e0 facultada per donar per acabada, suspendre o interrompre unilateralment, en qualsevol moment i sense necessitat de preav\u00eds, la prestaci\u00f3 del servei i de la Botiga i\/o de qualsevol dels serveis, sense perjudici del que s&#8217;hagu\u00e9s disposat al respecte en les corresponents condicions particulars.<\/p>\n<ol start=\"9\">\n<li><strong>LLEI I JURISDICCI\u00d3<\/strong><\/li>\n<\/ol>\n<p>Totes les q\u00fcestions relatives al Portal es regeixen per les Lleis d&#8217;Espanya i se sotmeten a la jurisdicci\u00f3 del domicili de l&#8217;Usuari. En el cas que l&#8217;Usuari tingui el seu domicili fora d&#8217;Espanya, <strong>Abrassame, SL<\/strong> i l&#8217;Usuari se sotmeten, amb ren\u00fancia expressa a qualsevol altre fur, als jutjats i tribunals de la ciutat <strong>d&#8217;Abrassame, SL<\/strong><\/p>\n\t\t\t\t\t\t\t\t<\/div>\n\t\t\t\t<\/div>\n\t\t\t\t\t<\/div>\n\t\t<\/div>\n\t\t\t\t\t<\/div>\n\t\t<\/section>\n\t\t\t\t<\/div>\n\t\t","protected":false},"excerpt":{"rendered":"<p>Condicions de Compra DADES IDENTIFICATIVES El terme Abrassame, SL es refereix al propietari del lloc web, AMB NIF B-65733230 i el domicili social del qual \u00e9s Gran Via de les&hellip;<\/p>\n","protected":false},"author":1,"featured_media":0,"parent":0,"menu_order":0,"comment_status":"closed","ping_status":"closed","template":"","meta":{"_joinchat":[],"footnotes":""},"class_list":["post-19733","page","type-page","status-publish","hentry"],"yoast_head":"<!-- This site is optimized with the Yoast SEO plugin v25.5 - https:\/\/yoast.com\/wordpress\/plugins\/seo\/ -->\n<title>Condicions de Compra - Restaurante Abrassame<\/title>\n<meta name=\"robots\" content=\"noindex, nofollow\" \/>\n<meta property=\"og:locale\" content=\"ca_ES\" \/>\n<meta property=\"og:type\" content=\"article\" \/>\n<meta property=\"og:title\" content=\"Condicions de Compra - Restaurante Abrassame\" \/>\n<meta property=\"og:description\" content=\"Condicions de Compra DADES IDENTIFICATIVES El terme Abrassame, SL es refereix al propietari del lloc web, AMB NIF B-65733230 i el domicili social del qual \u00e9s Gran Via de les&hellip;\" \/>\n<meta property=\"og:url\" content=\"https:\/\/restauranteabrassame.com\/ca\/condicions-de-compra\/\" \/>\n<meta property=\"og:site_name\" content=\"Restaurante Abrassame\" \/>\n<meta property=\"article:publisher\" content=\"https:\/\/www.facebook.com\/RestauranteAbrassame\" \/>\n<meta property=\"article:modified_time\" content=\"2024-02-28T21:54:24+00:00\" \/>\n<meta name=\"twitter:card\" content=\"summary_large_image\" \/>\n<meta name=\"twitter:label1\" content=\"Temps estimat de lectura\" \/>\n\t<meta name=\"twitter:data1\" content=\"9 minuts\" \/>\n<script type=\"application\/ld+json\" class=\"yoast-schema-graph\">{\"@context\":\"https:\/\/schema.org\",\"@graph\":[{\"@type\":\"WebPage\",\"@id\":\"https:\/\/restauranteabrassame.com\/ca\/condicions-de-compra\/\",\"url\":\"https:\/\/restauranteabrassame.com\/ca\/condicions-de-compra\/\",\"name\":\"Condicions de Compra - Restaurante Abrassame\",\"isPartOf\":{\"@id\":\"https:\/\/restauranteabrassame.com\/ca\/#website\"},\"datePublished\":\"2024-01-04T08:35:52+00:00\",\"dateModified\":\"2024-02-28T21:54:24+00:00\",\"breadcrumb\":{\"@id\":\"https:\/\/restauranteabrassame.com\/ca\/condicions-de-compra\/#breadcrumb\"},\"inLanguage\":\"ca\",\"potentialAction\":[{\"@type\":\"ReadAction\",\"target\":[\"https:\/\/restauranteabrassame.com\/ca\/condicions-de-compra\/\"]}]},{\"@type\":\"BreadcrumbList\",\"@id\":\"https:\/\/restauranteabrassame.com\/ca\/condicions-de-compra\/#breadcrumb\",\"itemListElement\":[{\"@type\":\"ListItem\",\"position\":1,\"name\":\"Portada\",\"item\":\"https:\/\/restauranteabrassame.com\/ca\/\"},{\"@type\":\"ListItem\",\"position\":2,\"name\":\"Condicions de Compra\"}]},{\"@type\":\"WebSite\",\"@id\":\"https:\/\/restauranteabrassame.com\/ca\/#website\",\"url\":\"https:\/\/restauranteabrassame.com\/ca\/\",\"name\":\"Restaurante Abrassame\",\"description\":\"Cocina Mediterr\u00e1nea en Barcelona\",\"publisher\":{\"@id\":\"https:\/\/restauranteabrassame.com\/ca\/#organization\"},\"potentialAction\":[{\"@type\":\"SearchAction\",\"target\":{\"@type\":\"EntryPoint\",\"urlTemplate\":\"https:\/\/restauranteabrassame.com\/ca\/?s={search_term_string}\"},\"query-input\":{\"@type\":\"PropertyValueSpecification\",\"valueRequired\":true,\"valueName\":\"search_term_string\"}}],\"inLanguage\":\"ca\"},{\"@type\":\"Organization\",\"@id\":\"https:\/\/restauranteabrassame.com\/ca\/#organization\",\"name\":\"Restaurante Abrassame\",\"url\":\"https:\/\/restauranteabrassame.com\/ca\/\",\"logo\":{\"@type\":\"ImageObject\",\"inLanguage\":\"ca\",\"@id\":\"https:\/\/restauranteabrassame.com\/ca\/#\/schema\/logo\/image\/\",\"url\":\"https:\/\/restauranteabrassame.com\/wp-content\/uploads\/2023\/09\/rest-abrassame.png\",\"contentUrl\":\"https:\/\/restauranteabrassame.com\/wp-content\/uploads\/2023\/09\/rest-abrassame.png\",\"width\":800,\"height\":800,\"caption\":\"Restaurante Abrassame\"},\"image\":{\"@id\":\"https:\/\/restauranteabrassame.com\/ca\/#\/schema\/logo\/image\/\"},\"sameAs\":[\"https:\/\/www.facebook.com\/RestauranteAbrassame\",\"https:\/\/www.instagram.com\/restauranteabrassame\/\"]}]}<\/script>\n<!-- \/ Yoast SEO plugin. -->","yoast_head_json":{"title":"Condicions de Compra - Restaurante Abrassame","robots":{"index":"noindex","follow":"nofollow"},"og_locale":"ca_ES","og_type":"article","og_title":"Condicions de Compra - Restaurante Abrassame","og_description":"Condicions de Compra DADES IDENTIFICATIVES El terme Abrassame, SL es refereix al propietari del lloc web, AMB NIF B-65733230 i el domicili social del qual \u00e9s Gran Via de les&hellip;","og_url":"https:\/\/restauranteabrassame.com\/ca\/condicions-de-compra\/","og_site_name":"Restaurante Abrassame","article_publisher":"https:\/\/www.facebook.com\/RestauranteAbrassame","article_modified_time":"2024-02-28T21:54:24+00:00","twitter_card":"summary_large_image","twitter_misc":{"Temps estimat de lectura":"9 minuts"},"schema":{"@context":"https:\/\/schema.org","@graph":[{"@type":"WebPage","@id":"https:\/\/restauranteabrassame.com\/ca\/condicions-de-compra\/","url":"https:\/\/restauranteabrassame.com\/ca\/condicions-de-compra\/","name":"Condicions de Compra - Restaurante Abrassame","isPartOf":{"@id":"https:\/\/restauranteabrassame.com\/ca\/#website"},"datePublished":"2024-01-04T08:35:52+00:00","dateModified":"2024-02-28T21:54:24+00:00","breadcrumb":{"@id":"https:\/\/restauranteabrassame.com\/ca\/condicions-de-compra\/#breadcrumb"},"inLanguage":"ca","potentialAction":[{"@type":"ReadAction","target":["https:\/\/restauranteabrassame.com\/ca\/condicions-de-compra\/"]}]},{"@type":"BreadcrumbList","@id":"https:\/\/restauranteabrassame.com\/ca\/condicions-de-compra\/#breadcrumb","itemListElement":[{"@type":"ListItem","position":1,"name":"Portada","item":"https:\/\/restauranteabrassame.com\/ca\/"},{"@type":"ListItem","position":2,"name":"Condicions de Compra"}]},{"@type":"WebSite","@id":"https:\/\/restauranteabrassame.com\/ca\/#website","url":"https:\/\/restauranteabrassame.com\/ca\/","name":"Restaurante Abrassame","description":"Cocina Mediterr\u00e1nea en Barcelona","publisher":{"@id":"https:\/\/restauranteabrassame.com\/ca\/#organization"},"potentialAction":[{"@type":"SearchAction","target":{"@type":"EntryPoint","urlTemplate":"https:\/\/restauranteabrassame.com\/ca\/?s={search_term_string}"},"query-input":{"@type":"PropertyValueSpecification","valueRequired":true,"valueName":"search_term_string"}}],"inLanguage":"ca"},{"@type":"Organization","@id":"https:\/\/restauranteabrassame.com\/ca\/#organization","name":"Restaurante Abrassame","url":"https:\/\/restauranteabrassame.com\/ca\/","logo":{"@type":"ImageObject","inLanguage":"ca","@id":"https:\/\/restauranteabrassame.com\/ca\/#\/schema\/logo\/image\/","url":"https:\/\/restauranteabrassame.com\/wp-content\/uploads\/2023\/09\/rest-abrassame.png","contentUrl":"https:\/\/restauranteabrassame.com\/wp-content\/uploads\/2023\/09\/rest-abrassame.png","width":800,"height":800,"caption":"Restaurante Abrassame"},"image":{"@id":"https:\/\/restauranteabrassame.com\/ca\/#\/schema\/logo\/image\/"},"sameAs":["https:\/\/www.facebook.com\/RestauranteAbrassame","https:\/\/www.instagram.com\/restauranteabrassame\/"]}]}},"_links":{"self":[{"href":"https:\/\/restauranteabrassame.com\/ca\/wp-json\/wp\/v2\/pages\/19733","targetHints":{"allow":["GET"]}}],"collection":[{"href":"https:\/\/restauranteabrassame.com\/ca\/wp-json\/wp\/v2\/pages"}],"about":[{"href":"https:\/\/restauranteabrassame.com\/ca\/wp-json\/wp\/v2\/types\/page"}],"author":[{"embeddable":true,"href":"https:\/\/restauranteabrassame.com\/ca\/wp-json\/wp\/v2\/users\/1"}],"replies":[{"embeddable":true,"href":"https:\/\/restauranteabrassame.com\/ca\/wp-json\/wp\/v2\/comments?post=19733"}],"version-history":[{"count":2,"href":"https:\/\/restauranteabrassame.com\/ca\/wp-json\/wp\/v2\/pages\/19733\/revisions"}],"predecessor-version":[{"id":19747,"href":"https:\/\/restauranteabrassame.com\/ca\/wp-json\/wp\/v2\/pages\/19733\/revisions\/19747"}],"wp:attachment":[{"href":"https:\/\/restauranteabrassame.com\/ca\/wp-json\/wp\/v2\/media?parent=19733"}],"curies":[{"name":"wp","href":"https:\/\/api.w.org\/{rel}","templated":true}]}}