{"id":19770,"date":"2023-12-14T12:16:11","date_gmt":"2023-12-14T11:16:11","guid":{"rendered":"http:\/\/restauranteabrassame.com\/menus\/"},"modified":"2025-08-14T20:07:35","modified_gmt":"2025-08-14T18:07:35","slug":"menus","status":"publish","type":"page","link":"https:\/\/restauranteabrassame.com\/ca\/menus\/","title":{"rendered":"Men\u00fas de Grup"},"content":{"rendered":"<h2>Men\u00fas de Grup<\/h2>\n<p>\t\t\t\t\t\t\t\t\t\t\t\t\t\t\t<img fetchpriority=\"high\" decoding=\"async\" width=\"1024\" height=\"730\" src=\"https:\/\/restauranteabrassame.com\/wp-content\/uploads\/2025\/08\/Menus-de-Grup-Restaurant-Barcelona-Abrassame_1-1024x730.jpg\" alt=\"\" srcset=\"https:\/\/restauranteabrassame.com\/wp-content\/uploads\/2025\/08\/Menus-de-Grup-Restaurant-Barcelona-Abrassame_1-1024x730.jpg 1024w, https:\/\/restauranteabrassame.com\/wp-content\/uploads\/2025\/08\/Menus-de-Grup-Restaurant-Barcelona-Abrassame_1-300x214.jpg 300w, https:\/\/restauranteabrassame.com\/wp-content\/uploads\/2025\/08\/Menus-de-Grup-Restaurant-Barcelona-Abrassame_1-768x547.jpg 768w, https:\/\/restauranteabrassame.com\/wp-content\/uploads\/2025\/08\/Menus-de-Grup-Restaurant-Barcelona-Abrassame_1-1536x1095.jpg 1536w, https:\/\/restauranteabrassame.com\/wp-content\/uploads\/2025\/08\/Menus-de-Grup-Restaurant-Barcelona-Abrassame_1-370x264.jpg 370w, https:\/\/restauranteabrassame.com\/wp-content\/uploads\/2025\/08\/Menus-de-Grup-Restaurant-Barcelona-Abrassame_1-840x599.jpg 840w, https:\/\/restauranteabrassame.com\/wp-content\/uploads\/2025\/08\/Menus-de-Grup-Restaurant-Barcelona-Abrassame_1-410x292.jpg 410w, https:\/\/restauranteabrassame.com\/wp-content\/uploads\/2025\/08\/Menus-de-Grup-Restaurant-Barcelona-Abrassame_1-1000x713.jpg 1000w, https:\/\/restauranteabrassame.com\/wp-content\/uploads\/2025\/08\/Menus-de-Grup-Restaurant-Barcelona-Abrassame_1.jpg 1790w\" sizes=\"(max-width: 1024px) 100vw, 1024px\" \/><br \/>\n\t\t\t\t\t\t\t\t\t\t\t\t\t\t\t<img decoding=\"async\" width=\"1024\" height=\"730\" src=\"https:\/\/restauranteabrassame.com\/wp-content\/uploads\/2025\/08\/Menus-de-Grup-Restaurant-Barcelona-Abrassame_2-1024x730.jpg\" alt=\"\" srcset=\"https:\/\/restauranteabrassame.com\/wp-content\/uploads\/2025\/08\/Menus-de-Grup-Restaurant-Barcelona-Abrassame_2-1024x730.jpg 1024w, https:\/\/restauranteabrassame.com\/wp-content\/uploads\/2025\/08\/Menus-de-Grup-Restaurant-Barcelona-Abrassame_2-300x214.jpg 300w, https:\/\/restauranteabrassame.com\/wp-content\/uploads\/2025\/08\/Menus-de-Grup-Restaurant-Barcelona-Abrassame_2-768x547.jpg 768w, https:\/\/restauranteabrassame.com\/wp-content\/uploads\/2025\/08\/Menus-de-Grup-Restaurant-Barcelona-Abrassame_2-1536x1095.jpg 1536w, https:\/\/restauranteabrassame.com\/wp-content\/uploads\/2025\/08\/Menus-de-Grup-Restaurant-Barcelona-Abrassame_2-370x264.jpg 370w, https:\/\/restauranteabrassame.com\/wp-content\/uploads\/2025\/08\/Menus-de-Grup-Restaurant-Barcelona-Abrassame_2-840x599.jpg 840w, https:\/\/restauranteabrassame.com\/wp-content\/uploads\/2025\/08\/Menus-de-Grup-Restaurant-Barcelona-Abrassame_2-410x292.jpg 410w, https:\/\/restauranteabrassame.com\/wp-content\/uploads\/2025\/08\/Menus-de-Grup-Restaurant-Barcelona-Abrassame_2-1000x713.jpg 1000w, https:\/\/restauranteabrassame.com\/wp-content\/uploads\/2025\/08\/Menus-de-Grup-Restaurant-Barcelona-Abrassame_2.jpg 1790w\" sizes=\"(max-width: 1024px) 100vw, 1024px\" \/><br \/>\n\t\t\t\t\t\t\t\t\t\t\t\t\t\t\t<img decoding=\"async\" width=\"1024\" height=\"730\" src=\"https:\/\/restauranteabrassame.com\/wp-content\/uploads\/2025\/08\/Menus-de-Grup-Restaurant-Barcelona-Abrassame_3-1024x730.jpg\" alt=\"\" srcset=\"https:\/\/restauranteabrassame.com\/wp-content\/uploads\/2025\/08\/Menus-de-Grup-Restaurant-Barcelona-Abrassame_3-1024x730.jpg 1024w, https:\/\/restauranteabrassame.com\/wp-content\/uploads\/2025\/08\/Menus-de-Grup-Restaurant-Barcelona-Abrassame_3-300x214.jpg 300w, https:\/\/restauranteabrassame.com\/wp-content\/uploads\/2025\/08\/Menus-de-Grup-Restaurant-Barcelona-Abrassame_3-768x547.jpg 768w, https:\/\/restauranteabrassame.com\/wp-content\/uploads\/2025\/08\/Menus-de-Grup-Restaurant-Barcelona-Abrassame_3-1536x1095.jpg 1536w, https:\/\/restauranteabrassame.com\/wp-content\/uploads\/2025\/08\/Menus-de-Grup-Restaurant-Barcelona-Abrassame_3-370x264.jpg 370w, https:\/\/restauranteabrassame.com\/wp-content\/uploads\/2025\/08\/Menus-de-Grup-Restaurant-Barcelona-Abrassame_3-840x599.jpg 840w, https:\/\/restauranteabrassame.com\/wp-content\/uploads\/2025\/08\/Menus-de-Grup-Restaurant-Barcelona-Abrassame_3-410x292.jpg 410w, https:\/\/restauranteabrassame.com\/wp-content\/uploads\/2025\/08\/Menus-de-Grup-Restaurant-Barcelona-Abrassame_3-1000x713.jpg 1000w, https:\/\/restauranteabrassame.com\/wp-content\/uploads\/2025\/08\/Menus-de-Grup-Restaurant-Barcelona-Abrassame_3.jpg 1790w\" sizes=\"(max-width: 1024px) 100vw, 1024px\" \/>\t\t\t\t\t\t\t\t\t\t\t\t\t\t\t<\/p>\n<h5>Planejant un esdeveniment? Els nostres men\u00fas per a grups estan dissenyats per delectar tots els teus convidats. Cada men\u00fa inclou una generosa varietat d&#8217;entrants per compartir, un plat principal a escollir entre les nostres especialitats a la brasa, paelles o peixos i postres casolanes.<\/p>\n<p>Podem fer els canvis necessaris al men\u00fa escollit per cobrir qualsevol requisit alimentari; aix\u00ed tots i totes podreu gaudir de l&#8217;experi\u00e8ncia Abrassame.<\/h5>\n","protected":false},"excerpt":{"rendered":"<p>Men\u00fas de Grup Planejant un esdeveniment? Els nostres men\u00fas per a grups estan dissenyats per delectar tots els teus convidats. Cada men\u00fa inclou una generosa varietat d&#8217;entrants per compartir, un&hellip;<\/p>\n","protected":false},"author":1,"featured_media":0,"parent":0,"menu_order":0,"comment_status":"closed","ping_status":"closed","template":"","meta":{"_joinchat":[],"footnotes":""},"class_list":["post-19770","page","type-page","status-publish","hentry"],"yoast_head":"<!-- This site is optimized with the Yoast SEO plugin v25.5 - https:\/\/yoast.com\/wordpress\/plugins\/seo\/ -->\n<title>Men\u00fas Mediterranis i de Brasa per a Grups a Barcelona<\/title>\n<meta name=\"description\" content=\"Men\u00fas Mediterranis, Paelles, Carns a la brasa i Peixos de llotja per a esdeveniments per a grups a Barcelona. Terrassa i salons privats.\" \/>\n<meta name=\"robots\" content=\"index, follow, max-snippet:-1, max-image-preview:large, max-video-preview:-1\" \/>\n<link rel=\"canonical\" href=\"https:\/\/restauranteabrassame.com\/ca\/menus\/\" \/>\n<meta property=\"og:locale\" content=\"ca_ES\" \/>\n<meta property=\"og:type\" content=\"article\" \/>\n<meta property=\"og:title\" content=\"Men\u00fas Mediterranis i de Brasa per a Grups a Barcelona\" \/>\n<meta property=\"og:description\" content=\"Men\u00fas Mediterranis, Paelles, Carns a la brasa i Peixos de llotja per a esdeveniments per a grups a Barcelona. Terrassa i salons privats.\" \/>\n<meta property=\"og:url\" content=\"https:\/\/restauranteabrassame.com\/ca\/menus\/\" \/>\n<meta property=\"og:site_name\" content=\"Restaurante Abrassame\" \/>\n<meta property=\"article:publisher\" content=\"https:\/\/www.facebook.com\/RestauranteAbrassame\" \/>\n<meta property=\"article:modified_time\" content=\"2025-08-14T18:07:35+00:00\" \/>\n<meta property=\"og:image\" content=\"https:\/\/restauranteabrassame.com\/wp-content\/uploads\/2025\/08\/Menus-de-Grup-Restaurant-Barcelona-Abrassame_1.jpg\" \/>\n\t<meta property=\"og:image:width\" content=\"1790\" \/>\n\t<meta property=\"og:image:height\" content=\"1276\" \/>\n\t<meta property=\"og:image:type\" content=\"image\/jpeg\" \/>\n<meta name=\"twitter:card\" content=\"summary_large_image\" \/>\n<meta name=\"twitter:label1\" content=\"Temps estimat de lectura\" \/>\n\t<meta name=\"twitter:data1\" content=\"1 minut\" \/>\n<script type=\"application\/ld+json\" class=\"yoast-schema-graph\">{\"@context\":\"https:\/\/schema.org\",\"@graph\":[{\"@type\":\"WebPage\",\"@id\":\"https:\/\/restauranteabrassame.com\/ca\/menus\/\",\"url\":\"https:\/\/restauranteabrassame.com\/ca\/menus\/\",\"name\":\"Men\u00fas Mediterranis i de Brasa per a Grups a Barcelona\",\"isPartOf\":{\"@id\":\"https:\/\/restauranteabrassame.com\/ca\/#website\"},\"primaryImageOfPage\":{\"@id\":\"https:\/\/restauranteabrassame.com\/ca\/menus\/#primaryimage\"},\"image\":{\"@id\":\"https:\/\/restauranteabrassame.com\/ca\/menus\/#primaryimage\"},\"thumbnailUrl\":\"https:\/\/restauranteabrassame.com\/wp-content\/uploads\/2025\/08\/Menus-de-Grup-Restaurant-Barcelona-Abrassame_1-1024x730.jpg\",\"datePublished\":\"2023-12-14T11:16:11+00:00\",\"dateModified\":\"2025-08-14T18:07:35+00:00\",\"description\":\"Men\u00fas Mediterranis, Paelles, Carns a la brasa i Peixos de llotja per a esdeveniments per a grups a Barcelona. Terrassa i salons privats.\",\"breadcrumb\":{\"@id\":\"https:\/\/restauranteabrassame.com\/ca\/menus\/#breadcrumb\"},\"inLanguage\":\"ca\",\"potentialAction\":[{\"@type\":\"ReadAction\",\"target\":[\"https:\/\/restauranteabrassame.com\/ca\/menus\/\"]}]},{\"@type\":\"ImageObject\",\"inLanguage\":\"ca\",\"@id\":\"https:\/\/restauranteabrassame.com\/ca\/menus\/#primaryimage\",\"url\":\"https:\/\/restauranteabrassame.com\/wp-content\/uploads\/2025\/08\/Menus-de-Grup-Restaurant-Barcelona-Abrassame_1-1024x730.jpg\",\"contentUrl\":\"https:\/\/restauranteabrassame.com\/wp-content\/uploads\/2025\/08\/Menus-de-Grup-Restaurant-Barcelona-Abrassame_1-1024x730.jpg\"},{\"@type\":\"BreadcrumbList\",\"@id\":\"https:\/\/restauranteabrassame.com\/ca\/menus\/#breadcrumb\",\"itemListElement\":[{\"@type\":\"ListItem\",\"position\":1,\"name\":\"Portada\",\"item\":\"https:\/\/restauranteabrassame.com\/ca\/\"},{\"@type\":\"ListItem\",\"position\":2,\"name\":\"Men\u00fas de Grup\"}]},{\"@type\":\"WebSite\",\"@id\":\"https:\/\/restauranteabrassame.com\/ca\/#website\",\"url\":\"https:\/\/restauranteabrassame.com\/ca\/\",\"name\":\"Restaurante Abrassame\",\"description\":\"Cocina Mediterr\u00e1nea en Barcelona\",\"publisher\":{\"@id\":\"https:\/\/restauranteabrassame.com\/ca\/#organization\"},\"potentialAction\":[{\"@type\":\"SearchAction\",\"target\":{\"@type\":\"EntryPoint\",\"urlTemplate\":\"https:\/\/restauranteabrassame.com\/ca\/?s={search_term_string}\"},\"query-input\":{\"@type\":\"PropertyValueSpecification\",\"valueRequired\":true,\"valueName\":\"search_term_string\"}}],\"inLanguage\":\"ca\"},{\"@type\":\"Organization\",\"@id\":\"https:\/\/restauranteabrassame.com\/ca\/#organization\",\"name\":\"Restaurante Abrassame\",\"url\":\"https:\/\/restauranteabrassame.com\/ca\/\",\"logo\":{\"@type\":\"ImageObject\",\"inLanguage\":\"ca\",\"@id\":\"https:\/\/restauranteabrassame.com\/ca\/#\/schema\/logo\/image\/\",\"url\":\"https:\/\/restauranteabrassame.com\/wp-content\/uploads\/2023\/09\/rest-abrassame.png\",\"contentUrl\":\"https:\/\/restauranteabrassame.com\/wp-content\/uploads\/2023\/09\/rest-abrassame.png\",\"width\":800,\"height\":800,\"caption\":\"Restaurante Abrassame\"},\"image\":{\"@id\":\"https:\/\/restauranteabrassame.com\/ca\/#\/schema\/logo\/image\/\"},\"sameAs\":[\"https:\/\/www.facebook.com\/RestauranteAbrassame\",\"https:\/\/www.instagram.com\/restauranteabrassame\/\"]}]}<\/script>\n<!-- \/ Yoast SEO plugin. -->","yoast_head_json":{"title":"Men\u00fas Mediterranis i de Brasa per a Grups a Barcelona","description":"Men\u00fas Mediterranis, Paelles, Carns a la brasa i Peixos de llotja per a esdeveniments per a grups a Barcelona. Terrassa i salons privats.","robots":{"index":"index","follow":"follow","max-snippet":"max-snippet:-1","max-image-preview":"max-image-preview:large","max-video-preview":"max-video-preview:-1"},"canonical":"https:\/\/restauranteabrassame.com\/ca\/menus\/","og_locale":"ca_ES","og_type":"article","og_title":"Men\u00fas Mediterranis i de Brasa per a Grups a Barcelona","og_description":"Men\u00fas Mediterranis, Paelles, Carns a la brasa i Peixos de llotja per a esdeveniments per a grups a Barcelona. Terrassa i salons privats.","og_url":"https:\/\/restauranteabrassame.com\/ca\/menus\/","og_site_name":"Restaurante Abrassame","article_publisher":"https:\/\/www.facebook.com\/RestauranteAbrassame","article_modified_time":"2025-08-14T18:07:35+00:00","og_image":[{"width":1790,"height":1276,"url":"https:\/\/restauranteabrassame.com\/wp-content\/uploads\/2025\/08\/Menus-de-Grup-Restaurant-Barcelona-Abrassame_1.jpg","type":"image\/jpeg"}],"twitter_card":"summary_large_image","twitter_misc":{"Temps estimat de lectura":"1 minut"},"schema":{"@context":"https:\/\/schema.org","@graph":[{"@type":"WebPage","@id":"https:\/\/restauranteabrassame.com\/ca\/menus\/","url":"https:\/\/restauranteabrassame.com\/ca\/menus\/","name":"Men\u00fas Mediterranis i de Brasa per a Grups a Barcelona","isPartOf":{"@id":"https:\/\/restauranteabrassame.com\/ca\/#website"},"primaryImageOfPage":{"@id":"https:\/\/restauranteabrassame.com\/ca\/menus\/#primaryimage"},"image":{"@id":"https:\/\/restauranteabrassame.com\/ca\/menus\/#primaryimage"},"thumbnailUrl":"https:\/\/restauranteabrassame.com\/wp-content\/uploads\/2025\/08\/Menus-de-Grup-Restaurant-Barcelona-Abrassame_1-1024x730.jpg","datePublished":"2023-12-14T11:16:11+00:00","dateModified":"2025-08-14T18:07:35+00:00","description":"Men\u00fas Mediterranis, Paelles, Carns a la brasa i Peixos de llotja per a esdeveniments per a grups a Barcelona. Terrassa i salons privats.","breadcrumb":{"@id":"https:\/\/restauranteabrassame.com\/ca\/menus\/#breadcrumb"},"inLanguage":"ca","potentialAction":[{"@type":"ReadAction","target":["https:\/\/restauranteabrassame.com\/ca\/menus\/"]}]},{"@type":"ImageObject","inLanguage":"ca","@id":"https:\/\/restauranteabrassame.com\/ca\/menus\/#primaryimage","url":"https:\/\/restauranteabrassame.com\/wp-content\/uploads\/2025\/08\/Menus-de-Grup-Restaurant-Barcelona-Abrassame_1-1024x730.jpg","contentUrl":"https:\/\/restauranteabrassame.com\/wp-content\/uploads\/2025\/08\/Menus-de-Grup-Restaurant-Barcelona-Abrassame_1-1024x730.jpg"},{"@type":"BreadcrumbList","@id":"https:\/\/restauranteabrassame.com\/ca\/menus\/#breadcrumb","itemListElement":[{"@type":"ListItem","position":1,"name":"Portada","item":"https:\/\/restauranteabrassame.com\/ca\/"},{"@type":"ListItem","position":2,"name":"Men\u00fas de Grup"}]},{"@type":"WebSite","@id":"https:\/\/restauranteabrassame.com\/ca\/#website","url":"https:\/\/restauranteabrassame.com\/ca\/","name":"Restaurante Abrassame","description":"Cocina Mediterr\u00e1nea en Barcelona","publisher":{"@id":"https:\/\/restauranteabrassame.com\/ca\/#organization"},"potentialAction":[{"@type":"SearchAction","target":{"@type":"EntryPoint","urlTemplate":"https:\/\/restauranteabrassame.com\/ca\/?s={search_term_string}"},"query-input":{"@type":"PropertyValueSpecification","valueRequired":true,"valueName":"search_term_string"}}],"inLanguage":"ca"},{"@type":"Organization","@id":"https:\/\/restauranteabrassame.com\/ca\/#organization","name":"Restaurante Abrassame","url":"https:\/\/restauranteabrassame.com\/ca\/","logo":{"@type":"ImageObject","inLanguage":"ca","@id":"https:\/\/restauranteabrassame.com\/ca\/#\/schema\/logo\/image\/","url":"https:\/\/restauranteabrassame.com\/wp-content\/uploads\/2023\/09\/rest-abrassame.png","contentUrl":"https:\/\/restauranteabrassame.com\/wp-content\/uploads\/2023\/09\/rest-abrassame.png","width":800,"height":800,"caption":"Restaurante Abrassame"},"image":{"@id":"https:\/\/restauranteabrassame.com\/ca\/#\/schema\/logo\/image\/"},"sameAs":["https:\/\/www.facebook.com\/RestauranteAbrassame","https:\/\/www.instagram.com\/restauranteabrassame\/"]}]}},"_links":{"self":[{"href":"https:\/\/restauranteabrassame.com\/ca\/wp-json\/wp\/v2\/pages\/19770","targetHints":{"allow":["GET"]}}],"collection":[{"href":"https:\/\/restauranteabrassame.com\/ca\/wp-json\/wp\/v2\/pages"}],"about":[{"href":"https:\/\/restauranteabrassame.com\/ca\/wp-json\/wp\/v2\/types\/page"}],"author":[{"embeddable":true,"href":"https:\/\/restauranteabrassame.com\/ca\/wp-json\/wp\/v2\/users\/1"}],"replies":[{"embeddable":true,"href":"https:\/\/restauranteabrassame.com\/ca\/wp-json\/wp\/v2\/comments?post=19770"}],"version-history":[{"count":8,"href":"https:\/\/restauranteabrassame.com\/ca\/wp-json\/wp\/v2\/pages\/19770\/revisions"}],"predecessor-version":[{"id":21226,"href":"https:\/\/restauranteabrassame.com\/ca\/wp-json\/wp\/v2\/pages\/19770\/revisions\/21226"}],"wp:attachment":[{"href":"https:\/\/restauranteabrassame.com\/ca\/wp-json\/wp\/v2\/media?parent=19770"}],"curies":[{"name":"wp","href":"https:\/\/api.w.org\/{rel}","templated":true}]}}