{"id":19943,"date":"2023-12-14T13:35:31","date_gmt":"2023-12-14T12:35:31","guid":{"rendered":"http:\/\/restauranteabrassame.com\/producto\/menu-barcelona\/"},"modified":"2023-12-14T13:35:31","modified_gmt":"2023-12-14T12:35:31","slug":"menu-barcelona","status":"publish","type":"product","link":"https:\/\/restauranteabrassame.com\/ca\/producto\/menu-barcelona\/","title":{"rendered":"Men\u00fa BARCELONA"},"content":{"rendered":"","protected":false},"excerpt":{"rendered":"<p>Per fer \u00fas del xec regal cal realitzar la reserva a trav\u00e9s de l&#8217; email i informar del n\u00famero del xec.<\/p>\n<p>Aquest xec caduca als 6 mesos de la seva emissi\u00f3<\/p>\n","protected":false},"featured_media":19636,"template":"","meta":{"_joinchat":[]},"product_brand":[],"product_cat":[197],"product_tag":[],"class_list":{"0":"post-19943","1":"product","2":"type-product","3":"status-publish","4":"has-post-thumbnail","6":"product_cat-sense-categoritzar","8":"first","9":"instock","10":"virtual","11":"taxable","12":"purchasable","13":"product-type-simple"},"yoast_head":"<!-- This site is optimized with the Yoast SEO plugin v25.5 - https:\/\/yoast.com\/wordpress\/plugins\/seo\/ -->\n<title>Men\u00fa BARCELONA - Restaurante Abrassame<\/title>\n<meta name=\"robots\" content=\"index, follow, max-snippet:-1, max-image-preview:large, max-video-preview:-1\" \/>\n<link rel=\"canonical\" href=\"https:\/\/restauranteabrassame.com\/ca\/producto\/menu-barcelona\/\" \/>\n<meta property=\"og:locale\" content=\"ca_ES\" \/>\n<meta property=\"og:type\" content=\"article\" \/>\n<meta property=\"og:title\" content=\"Men\u00fa BARCELONA - Restaurante Abrassame\" \/>\n<meta property=\"og:description\" content=\"Per fer \u00fas del xec regal cal realitzar la reserva a trav\u00e9s de l&#039; email i informar del n\u00famero del xec. Aquest xec caduca als 6 mesos de la seva emissi\u00f3\" \/>\n<meta property=\"og:url\" content=\"https:\/\/restauranteabrassame.com\/ca\/producto\/menu-barcelona\/\" \/>\n<meta property=\"og:site_name\" content=\"Restaurante Abrassame\" \/>\n<meta property=\"article:publisher\" content=\"https:\/\/www.facebook.com\/RestauranteAbrassame\" \/>\n<meta property=\"og:image\" content=\"https:\/\/restauranteabrassame.com\/wp-content\/uploads\/2023\/12\/Abrassame_Julio_23-111.jpg\" \/>\n\t<meta property=\"og:image:width\" content=\"1350\" \/>\n\t<meta property=\"og:image:height\" content=\"1688\" \/>\n\t<meta property=\"og:image:type\" content=\"image\/jpeg\" \/>\n<meta name=\"twitter:card\" content=\"summary_large_image\" \/>\n<script type=\"application\/ld+json\" class=\"yoast-schema-graph\">{\"@context\":\"https:\/\/schema.org\",\"@graph\":[{\"@type\":\"WebPage\",\"@id\":\"https:\/\/restauranteabrassame.com\/ca\/producto\/menu-barcelona\/\",\"url\":\"https:\/\/restauranteabrassame.com\/ca\/producto\/menu-barcelona\/\",\"name\":\"Men\u00fa BARCELONA - Restaurante Abrassame\",\"isPartOf\":{\"@id\":\"https:\/\/restauranteabrassame.com\/ca\/#website\"},\"primaryImageOfPage\":{\"@id\":\"https:\/\/restauranteabrassame.com\/ca\/producto\/menu-barcelona\/#primaryimage\"},\"image\":{\"@id\":\"https:\/\/restauranteabrassame.com\/ca\/producto\/menu-barcelona\/#primaryimage\"},\"thumbnailUrl\":\"https:\/\/restauranteabrassame.com\/wp-content\/uploads\/2023\/12\/Abrassame_Julio_23-111.jpg\",\"datePublished\":\"2023-12-14T12:35:31+00:00\",\"breadcrumb\":{\"@id\":\"https:\/\/restauranteabrassame.com\/ca\/producto\/menu-barcelona\/#breadcrumb\"},\"inLanguage\":\"ca\",\"potentialAction\":[{\"@type\":\"ReadAction\",\"target\":[\"https:\/\/restauranteabrassame.com\/ca\/producto\/menu-barcelona\/\"]}]},{\"@type\":\"ImageObject\",\"inLanguage\":\"ca\",\"@id\":\"https:\/\/restauranteabrassame.com\/ca\/producto\/menu-barcelona\/#primaryimage\",\"url\":\"https:\/\/restauranteabrassame.com\/wp-content\/uploads\/2023\/12\/Abrassame_Julio_23-111.jpg\",\"contentUrl\":\"https:\/\/restauranteabrassame.com\/wp-content\/uploads\/2023\/12\/Abrassame_Julio_23-111.jpg\",\"width\":1350,\"height\":1688},{\"@type\":\"BreadcrumbList\",\"@id\":\"https:\/\/restauranteabrassame.com\/ca\/producto\/menu-barcelona\/#breadcrumb\",\"itemListElement\":[{\"@type\":\"ListItem\",\"position\":1,\"name\":\"Portada\",\"item\":\"https:\/\/restauranteabrassame.com\/ca\/\"},{\"@type\":\"ListItem\",\"position\":2,\"name\":\"Botiga\",\"item\":\"https:\/\/restauranteabrassame.com\/tienda\/\"},{\"@type\":\"ListItem\",\"position\":3,\"name\":\"Men\u00fa BARCELONA\"}]},{\"@type\":\"WebSite\",\"@id\":\"https:\/\/restauranteabrassame.com\/ca\/#website\",\"url\":\"https:\/\/restauranteabrassame.com\/ca\/\",\"name\":\"Restaurante Abrassame\",\"description\":\"Cocina Mediterr\u00e1nea en Barcelona\",\"publisher\":{\"@id\":\"https:\/\/restauranteabrassame.com\/ca\/#organization\"},\"potentialAction\":[{\"@type\":\"SearchAction\",\"target\":{\"@type\":\"EntryPoint\",\"urlTemplate\":\"https:\/\/restauranteabrassame.com\/ca\/?s={search_term_string}\"},\"query-input\":{\"@type\":\"PropertyValueSpecification\",\"valueRequired\":true,\"valueName\":\"search_term_string\"}}],\"inLanguage\":\"ca\"},{\"@type\":\"Organization\",\"@id\":\"https:\/\/restauranteabrassame.com\/ca\/#organization\",\"name\":\"Restaurante Abrassame\",\"url\":\"https:\/\/restauranteabrassame.com\/ca\/\",\"logo\":{\"@type\":\"ImageObject\",\"inLanguage\":\"ca\",\"@id\":\"https:\/\/restauranteabrassame.com\/ca\/#\/schema\/logo\/image\/\",\"url\":\"https:\/\/restauranteabrassame.com\/wp-content\/uploads\/2023\/09\/rest-abrassame.png\",\"contentUrl\":\"https:\/\/restauranteabrassame.com\/wp-content\/uploads\/2023\/09\/rest-abrassame.png\",\"width\":800,\"height\":800,\"caption\":\"Restaurante Abrassame\"},\"image\":{\"@id\":\"https:\/\/restauranteabrassame.com\/ca\/#\/schema\/logo\/image\/\"},\"sameAs\":[\"https:\/\/www.facebook.com\/RestauranteAbrassame\",\"https:\/\/www.instagram.com\/restauranteabrassame\/\"]}]}<\/script>\n<!-- \/ Yoast SEO plugin. -->","yoast_head_json":{"title":"Men\u00fa BARCELONA - Restaurante Abrassame","robots":{"index":"index","follow":"follow","max-snippet":"max-snippet:-1","max-image-preview":"max-image-preview:large","max-video-preview":"max-video-preview:-1"},"canonical":"https:\/\/restauranteabrassame.com\/ca\/producto\/menu-barcelona\/","og_locale":"ca_ES","og_type":"article","og_title":"Men\u00fa BARCELONA - Restaurante Abrassame","og_description":"Per fer \u00fas del xec regal cal realitzar la reserva a trav\u00e9s de l' email i informar del n\u00famero del xec. Aquest xec caduca als 6 mesos de la seva emissi\u00f3","og_url":"https:\/\/restauranteabrassame.com\/ca\/producto\/menu-barcelona\/","og_site_name":"Restaurante Abrassame","article_publisher":"https:\/\/www.facebook.com\/RestauranteAbrassame","og_image":[{"width":1350,"height":1688,"url":"https:\/\/restauranteabrassame.com\/wp-content\/uploads\/2023\/12\/Abrassame_Julio_23-111.jpg","type":"image\/jpeg"}],"twitter_card":"summary_large_image","schema":{"@context":"https:\/\/schema.org","@graph":[{"@type":"WebPage","@id":"https:\/\/restauranteabrassame.com\/ca\/producto\/menu-barcelona\/","url":"https:\/\/restauranteabrassame.com\/ca\/producto\/menu-barcelona\/","name":"Men\u00fa BARCELONA - Restaurante Abrassame","isPartOf":{"@id":"https:\/\/restauranteabrassame.com\/ca\/#website"},"primaryImageOfPage":{"@id":"https:\/\/restauranteabrassame.com\/ca\/producto\/menu-barcelona\/#primaryimage"},"image":{"@id":"https:\/\/restauranteabrassame.com\/ca\/producto\/menu-barcelona\/#primaryimage"},"thumbnailUrl":"https:\/\/restauranteabrassame.com\/wp-content\/uploads\/2023\/12\/Abrassame_Julio_23-111.jpg","datePublished":"2023-12-14T12:35:31+00:00","breadcrumb":{"@id":"https:\/\/restauranteabrassame.com\/ca\/producto\/menu-barcelona\/#breadcrumb"},"inLanguage":"ca","potentialAction":[{"@type":"ReadAction","target":["https:\/\/restauranteabrassame.com\/ca\/producto\/menu-barcelona\/"]}]},{"@type":"ImageObject","inLanguage":"ca","@id":"https:\/\/restauranteabrassame.com\/ca\/producto\/menu-barcelona\/#primaryimage","url":"https:\/\/restauranteabrassame.com\/wp-content\/uploads\/2023\/12\/Abrassame_Julio_23-111.jpg","contentUrl":"https:\/\/restauranteabrassame.com\/wp-content\/uploads\/2023\/12\/Abrassame_Julio_23-111.jpg","width":1350,"height":1688},{"@type":"BreadcrumbList","@id":"https:\/\/restauranteabrassame.com\/ca\/producto\/menu-barcelona\/#breadcrumb","itemListElement":[{"@type":"ListItem","position":1,"name":"Portada","item":"https:\/\/restauranteabrassame.com\/ca\/"},{"@type":"ListItem","position":2,"name":"Botiga","item":"https:\/\/restauranteabrassame.com\/tienda\/"},{"@type":"ListItem","position":3,"name":"Men\u00fa BARCELONA"}]},{"@type":"WebSite","@id":"https:\/\/restauranteabrassame.com\/ca\/#website","url":"https:\/\/restauranteabrassame.com\/ca\/","name":"Restaurante Abrassame","description":"Cocina Mediterr\u00e1nea en Barcelona","publisher":{"@id":"https:\/\/restauranteabrassame.com\/ca\/#organization"},"potentialAction":[{"@type":"SearchAction","target":{"@type":"EntryPoint","urlTemplate":"https:\/\/restauranteabrassame.com\/ca\/?s={search_term_string}"},"query-input":{"@type":"PropertyValueSpecification","valueRequired":true,"valueName":"search_term_string"}}],"inLanguage":"ca"},{"@type":"Organization","@id":"https:\/\/restauranteabrassame.com\/ca\/#organization","name":"Restaurante Abrassame","url":"https:\/\/restauranteabrassame.com\/ca\/","logo":{"@type":"ImageObject","inLanguage":"ca","@id":"https:\/\/restauranteabrassame.com\/ca\/#\/schema\/logo\/image\/","url":"https:\/\/restauranteabrassame.com\/wp-content\/uploads\/2023\/09\/rest-abrassame.png","contentUrl":"https:\/\/restauranteabrassame.com\/wp-content\/uploads\/2023\/09\/rest-abrassame.png","width":800,"height":800,"caption":"Restaurante Abrassame"},"image":{"@id":"https:\/\/restauranteabrassame.com\/ca\/#\/schema\/logo\/image\/"},"sameAs":["https:\/\/www.facebook.com\/RestauranteAbrassame","https:\/\/www.instagram.com\/restauranteabrassame\/"]}]}},"_links":{"self":[{"href":"https:\/\/restauranteabrassame.com\/ca\/wp-json\/wp\/v2\/product\/19943","targetHints":{"allow":["GET"]}}],"collection":[{"href":"https:\/\/restauranteabrassame.com\/ca\/wp-json\/wp\/v2\/product"}],"about":[{"href":"https:\/\/restauranteabrassame.com\/ca\/wp-json\/wp\/v2\/types\/product"}],"wp:featuredmedia":[{"embeddable":true,"href":"https:\/\/restauranteabrassame.com\/ca\/wp-json\/wp\/v2\/media\/19636"}],"wp:attachment":[{"href":"https:\/\/restauranteabrassame.com\/ca\/wp-json\/wp\/v2\/media?parent=19943"}],"wp:term":[{"taxonomy":"product_brand","embeddable":true,"href":"https:\/\/restauranteabrassame.com\/ca\/wp-json\/wp\/v2\/product_brand?post=19943"},{"taxonomy":"product_cat","embeddable":true,"href":"https:\/\/restauranteabrassame.com\/ca\/wp-json\/wp\/v2\/product_cat?post=19943"},{"taxonomy":"product_tag","embeddable":true,"href":"https:\/\/restauranteabrassame.com\/ca\/wp-json\/wp\/v2\/product_tag?post=19943"}],"curies":[{"name":"wp","href":"https:\/\/api.w.org\/{rel}","templated":true}]}}